{"id":8,"date":"2021-09-20T16:09:32","date_gmt":"2021-09-20T16:09:32","guid":{"rendered":"https:\/\/transjsoles.com\/?page_id=8"},"modified":"2023-07-31T13:30:01","modified_gmt":"2023-07-31T13:30:01","slug":"empresa-transporte-carretera","status":"publish","type":"page","link":"https:\/\/transjsoles.com\/fr\/entreprise-transport-routier\/","title":{"rendered":"Entreprise"},"content":{"rendered":"<p><\/p>\n<h1>Transports et grues depuis 1939<\/h1>\n<p>Transports et Grues J. Sol\u00e9s SL est une entreprise qui se consacre au transport routier, sp\u00e9cialis\u00e9 en charges compl\u00e8tes ou partielles. Nous distribuons sur la p\u00e9ninsule Ib\u00e9rique et l\u2019Union Europ\u00e9enne.<\/p>\n<p>Notre si\u00e8ge social et logistique se trouve \u00e0 Vulpellac, localit\u00e9 de Girona. C\u2019est une position strat\u00e9gique par sa proximit\u00e9 avec la fronti\u00e8re, les autoroutes et la zone industrielle du Baix Empord\u00e0.<\/p>\n<p>Dans nos agences, nous g\u00e9rons dynamiquement l\u2019activit\u00e9 de l\u2019entreprise. Nous disposons de notre propre technologie pour contr\u00f4ler de pr\u00e8s la marchandise et optimiser au maximum les d\u00e9lais de livraison.<\/p>\n<p>Notre personnel est hautement qualifi\u00e9. De plus, nous disposons d\u2019une gamme de collaborateurs externes qui nous permettent de couvrir un large \u00e9ventail de routes, de type de fret et volumes, avec des d\u00e9lais d\u2019ex\u00e9cution adapt\u00e9s \u00e0 toutes les commandes<\/p>\n<h2>Constante innovation en transport et logistique<\/h2>\n<p>Chez Transports J. Sol\u00e9s nous sommes soucieux de trouver une solution imm\u00e9diate aux probl\u00e8mes. Nous incorporons aussi bien la technologie que les professionnels ad\u00e9quats ou les infrastructures qui nous aident \u00e0 \u00eatre pr\u00e8s, pour que nos clients arrivent loin.<\/p>\n<p>Par exemple, nous sommes 100% comp\u00e9titifs sur le march\u00e9 de la logistique int\u00e9grale, pour avoir \u00e9t\u00e9 pionniers en gestion de commande et de stockage en cr\u00e9ant des entrep\u00f4ts de consignation des marchandises pour nos clients.<\/p>\n<p>Si votre entreprise, r\u00e9guli\u00e8rement ou occasionnellement a besoin de transporter des marchandises de n\u2019importe quel type sur le territoire p\u00e9ninsulaire ou l\u2019Union Europ\u00e9enne, nous sommes votre collaborateur id\u00e9al.<\/p>","protected":false},"excerpt":{"rendered":"<p>Transports et grues depuis 1939 Transports et Grues J. Sol\u00e9s SL est une entreprise qui se consacre au transport routier, sp\u00e9cialis\u00e9 en charges compl\u00e8tes ou partielles. Nous distribuons sur la p\u00e9ninsule Ib\u00e9rique et l\u2019Union Europ\u00e9enne. Notre si\u00e8ge social et logistique se trouve \u00e0 Vulpellac, localit\u00e9 de Girona. C\u2019est une position strat\u00e9gique par sa proximit\u00e9 avec [&hellip;]<\/p>\n","protected":false},"author":1,"featured_media":180,"parent":0,"menu_order":3,"comment_status":"closed","ping_status":"closed","template":"page-empresa.php","meta":{"inline_featured_image":false,"footnotes":""},"class_list":["post-8","page","type-page","status-publish","has-post-thumbnail","hentry"],"acf":[],"_links":{"self":[{"href":"https:\/\/transjsoles.com\/fr\/wp-json\/wp\/v2\/pages\/8","targetHints":{"allow":["GET"]}}],"collection":[{"href":"https:\/\/transjsoles.com\/fr\/wp-json\/wp\/v2\/pages"}],"about":[{"href":"https:\/\/transjsoles.com\/fr\/wp-json\/wp\/v2\/types\/page"}],"author":[{"embeddable":true,"href":"https:\/\/transjsoles.com\/fr\/wp-json\/wp\/v2\/users\/1"}],"replies":[{"embeddable":true,"href":"https:\/\/transjsoles.com\/fr\/wp-json\/wp\/v2\/comments?post=8"}],"version-history":[{"count":46,"href":"https:\/\/transjsoles.com\/fr\/wp-json\/wp\/v2\/pages\/8\/revisions"}],"predecessor-version":[{"id":415,"href":"https:\/\/transjsoles.com\/fr\/wp-json\/wp\/v2\/pages\/8\/revisions\/415"}],"wp:featuredmedia":[{"embeddable":true,"href":"https:\/\/transjsoles.com\/fr\/wp-json\/wp\/v2\/media\/180"}],"wp:attachment":[{"href":"https:\/\/transjsoles.com\/fr\/wp-json\/wp\/v2\/media?parent=8"}],"curies":[{"name":"wp","href":"https:\/\/api.w.org\/{rel}","templated":true}]}}