{"id":39,"date":"2021-09-26T15:25:07","date_gmt":"2021-09-26T15:25:07","guid":{"rendered":"https:\/\/transjsoles.com\/?page_id=39"},"modified":"2022-09-26T23:22:46","modified_gmt":"2022-09-26T23:22:46","slug":"aviso-legal","status":"publish","type":"page","link":"https:\/\/transjsoles.com\/fr\/aviso-legal\/","title":{"rendered":"Mention L\u00e9gale"},"content":{"rendered":"<p><\/p>\n<p>Mis \u00e0 jour le 20\/07\/2022<\/p>\n<p>Version 1<\/p>\n<p>Conform\u00e9ment au devoir d&rsquo;information contenu \u00e0 l&rsquo;article 10 de la loi 34\/2002 du 11 juillet sur les services de la soci\u00e9t\u00e9 de l&rsquo;information et du commerce \u00e9lectronique, nous vous informons que le site Web et le portail Internet <a href=\"https:\/\/transjsoles.com\">https:\/\/transjsoles.com<\/a> (\u00e0 partir de maintenant, le \u00abWeb\u00bb) la Soci\u00e9t\u00e9 exploitante est TRANSPORTS I GRUES J. SOL\u00c9S, S.L.U., (\u00e0 partir de maintenant TRANSJSOLES) dont le si\u00e8ge social est situ\u00e9 Pol\u00edgon Industrial VII-Carrer Les Alzines, 6 de 17111 VULPELLAC (Girona) avec le n \u00b0 CIF B17229683.<\/p>\n<p>Enregistr\u00e9 au registre du commerce de Girona, volume 400, feuille 151, section 8, page GI 7817, Inscription 6\u00aa.<\/p>\n<p>&nbsp;<\/p>\n<h3><strong>Les communications<\/strong><\/h3>\n<p>T\u00e9l\u00e9phone: +34 972 642 812<\/p>\n<p>Courriel: <a href=\"mailto:info@grupros.com\">info@transjsoles.com<\/a><\/p>\n<p>Toutes les notifications et communications entre les utilisateurs et le PROPRI\u00c9TAIRE DU SITE WEB sont consid\u00e9r\u00e9es comme ayant \u00e9t\u00e9 faites, \u00e0 toutes fins utiles, lorsqu&rsquo;elles sont effectu\u00e9es par l&rsquo;un des moyens d\u00e9crits ci-dessus.<\/p>\n<p>Cette notice l\u00e9gale r\u00e9git les conditions d&rsquo;utilisation du portail Internet susmentionn\u00e9.<\/p>\n<p>&nbsp;<\/p>\n<h3><strong>Loi applicable et juridiction<\/strong><\/h3>\n<p>De mani\u00e8re g\u00e9n\u00e9rale, les relations entre TRANSJSOLES et les utilisateurs de ses services t\u00e9l\u00e9matiques, pr\u00e9sents sur le web, sont soumises \u00e0 la l\u00e9gislation et \u00e0 la juridiction espagnoles.<\/p>\n<p>Les parties renoncent express\u00e9ment \u00e0 la comp\u00e9tence qui pourrait leur correspondre et se soumettent express\u00e9ment aux Tribunaux de <a name=\"_Hlk110882249\"><\/a>La Bisbal d\u2019Empord\u00e0 (Girona &#8211; Espagne) pour r\u00e9soudre toute controverse pouvant survenir dans l&rsquo;interpr\u00e9tation ou l&rsquo;ex\u00e9cution des pr\u00e9sentes conditions contractuelles.<\/p>\n<p>&nbsp;<\/p>\n<h3><strong>Acceptation par l&rsquo;utilisateur<\/strong><\/h3>\n<p>La pr\u00e9sente mention l\u00e9gale r\u00e9glemente l&rsquo;acc\u00e8s et l&rsquo;utilisation du site Web que TRANSJSOLES met \u00e0 la disposition des internautes. L&rsquo;utilisateur est consid\u00e9r\u00e9 comme la personne qui acc\u00e8de, navigue, utilise ou participe aux services et activit\u00e9s du site.<\/p>\n<p>L&rsquo;utilisateur est inform\u00e9 et accepte que l&rsquo;acc\u00e8s \u00e0 ce site n&rsquo;implique en aucune mani\u00e8re le d\u00e9but d&rsquo;une relation commerciale avec TRANSJSOLES.<\/p>\n<p>L&rsquo;acc\u00e8s et la navigation sur le site par l&rsquo;utilisateur implique l&rsquo;acceptation de l&rsquo;ensemble des pr\u00e9sentes conditions d&rsquo;utilisation. En cas de d\u00e9saccord avec les conditions, l&rsquo;utilisateur doit s&rsquo;abstenir d&rsquo;utiliser le site.<\/p>\n<p>&nbsp;<\/p>\n<h3><strong>Acc\u00e8s au site Web<\/strong><\/h3>\n<p>L&rsquo;acc\u00e8s au site Web par les utilisateurs est gratuit et ouvert. Certains services peuvent \u00eatre soumis \u00e0 un contrat pr\u00e9alable du service.<\/p>\n<p>S&rsquo;il est n\u00e9cessaire pour l&rsquo;utilisateur de fournir des donn\u00e9es personnelles pour acc\u00e9der \u00e0 l&rsquo;un des services, la collecte et le traitement des donn\u00e9es seront effectu\u00e9s conform\u00e9ment \u00e0 la r\u00e9glementation en vigueur, en particulier avec le RGPD. Pour plus d&rsquo;informations, consultez notre politique de confidentialit\u00e9 <a href=\"https:\/\/transjsoles.com\/politica-privacidad\"> https:\/\/transjsoles.com\/politica-privacidad <\/a> .<\/p>\n<p>&nbsp;<\/p>\n<h3><strong>Contenu et utilisation<\/strong><\/h3>\n<p>La visite du site par l&rsquo;utilisateur doit se faire de mani\u00e8re responsable et conform\u00e9ment \u00e0 la l\u00e9gislation en vigueur, de bonne foi, de la pr\u00e9sente notice l\u00e9gale et dans le respect des droits de propri\u00e9t\u00e9 intellectuelle et industrielle d\u00e9tenus par TRANSJSOLES ou toute autre personne physique ou morale.<\/p>\n<p>L&rsquo;utilisation de tout contenu du site Web \u00e0 des fins qui sont ou pourraient \u00eatre ill\u00e9gales est totalement interdite, ainsi que l&rsquo;ex\u00e9cution de toute action qui cause ou pourrait causer des dommages ou des modifications de toute nature non consentis par TRANSJSOLES, le site Web ou son contenu.<\/p>\n<p>Le propri\u00e9taire du site ne s&rsquo;identifie pas aux opinions exprim\u00e9es par ses collaborateurs. La soci\u00e9t\u00e9 se r\u00e9serve le droit d&rsquo;apporter les modifications qu&rsquo;elle juge appropri\u00e9es sur son site Web sans pr\u00e9avis, en pouvant modifier, supprimer ou ajouter \u00e0 la fois le contenu et les services fournis par son interm\u00e9diaire et la mani\u00e8re dont ils sont pr\u00e9sent\u00e9s ou situ\u00e9s sur leurs serveurs.<\/p>\n<p>&nbsp;<\/p>\n<h3><strong>Propri\u00e9t\u00e9 intellectuelle et industrielle<\/strong><\/h3>\n<p>Les droits de propri\u00e9t\u00e9 intellectuelle sur le contenu des pages Web, leur conception graphique et leurs codes sont la propri\u00e9t\u00e9 de TRANSJSOLES et, par cons\u00e9quent, leur reproduction, distribution, communication publique, transformation ou toute autre activit\u00e9 r\u00e9alis\u00e9e avec le contenu du site Web est interdite. site Web, m\u00eame si les sources sont cit\u00e9es, sauf accord pr\u00e9alable, expr\u00e8s et \u00e9crit de TRANSJSOLES. Tous les noms commerciaux, marques ou signes de toute nature contenus dans les pages Web de la soci\u00e9t\u00e9 sont la propri\u00e9t\u00e9 de leurs propri\u00e9taires et sont prot\u00e9g\u00e9s par la loi.<\/p>\n<p>TRANSJSOLES n&rsquo;accorde aucune licence ou autorisation d&rsquo;utilisation de quelque nature que ce soit sur ses droits de propri\u00e9t\u00e9 intellectuelle et industrielle ou sur toute autre propri\u00e9t\u00e9 ou droit li\u00e9 au site, et en aucun cas il ne sera entendu que l&rsquo;acc\u00e8s et la navigation des utilisateurs impliquent une d\u00e9mission, une transmission, une licence ou une cession totale ou partielle desdits droits par TRANSJSOLES.<\/p>\n<p>Toute utilisation de ces contenus non pr\u00e9alablement autoris\u00e9e par TRANSJSOLES sera consid\u00e9r\u00e9e comme une violation grave des droits de propri\u00e9t\u00e9 intellectuelle ou industrielle et donnera lieu aux responsabilit\u00e9s l\u00e9galement \u00e9tablies. TRANSJSOLES se r\u00e9serve le droit d&rsquo;exercer les actions judiciaires et extrajudiciaires correspondantes contre l&rsquo;utilisateur.<\/p>\n<p>&nbsp;<\/p>\n<h3><strong>Responsabilit\u00e9 et garanties<\/strong><\/h3>\n<p>TRANSJSOLES d\u00e9clare avoir adopt\u00e9 les mesures n\u00e9cessaires qui, dans la limite de ses possibilit\u00e9s et de l&rsquo;\u00e9tat de la technologie, permettent le bon fonctionnement de son site Web, ainsi que l&rsquo;absence de virus et de composants nuisibles. Cependant, TRANSJSOLES ne peut \u00eatre tenu responsable des situations suivantes qui sont list\u00e9es \u00e0 titre d&rsquo;exemple, mais sans s&rsquo;y limiter:<\/p>\n<p>\u2022 La continuit\u00e9 et la disponibilit\u00e9 du Contenu.<\/p>\n<p>\u2022 L&rsquo;absence d&rsquo;erreurs dans ledit Contenu ni la correction de tout d\u00e9faut pouvant survenir.<\/p>\n<p>\u2022 L&rsquo;absence de virus et \/ ou d&rsquo;autres composants nocifs.<\/p>\n<p>\u2022 Les dommages caus\u00e9s par toute personne qui enfreint les syst\u00e8mes de s\u00e9curit\u00e9 de TRANSJSOLES.<\/p>\n<p>\u2022 L&rsquo;utilisation que les utilisateurs peuvent faire des contenus inclus dans le Web. Par cons\u00e9quent, TRANSJSOLES ne garantit pas que l&rsquo;utilisation que les utilisateurs peuvent faire du contenu inclus sur le site Web, le cas \u00e9ch\u00e9ant, est conforme \u00e0 la pr\u00e9sente notice l\u00e9gale, ou que l&rsquo;utilisation du site Web est effectu\u00e9e avec diligence.<\/p>\n<p>\u2022 L&rsquo;utilisation par des mineurs du site ou l&rsquo;envoi de leurs donn\u00e9es personnelles sans l&rsquo;autorisation de leurs tuteurs, les tuteurs \u00e9tant responsables de leur utilisation d&rsquo;Internet. Les contenus auxquels l&rsquo;utilisateur peut acc\u00e9der via des liens non autoris\u00e9s ou saisis par les utilisateurs via des commentaires ou des outils similaires.<\/p>\n<p>\u2022 L&rsquo;introduction de donn\u00e9es erron\u00e9es par l&rsquo;utilisateur ou un tiers.<\/p>\n<p>TRANSJSOLES peut suspendre temporairement l&rsquo;accessibilit\u00e9 au site Web sans pr\u00e9avis en raison d&rsquo;op\u00e9rations de maintenance, de r\u00e9paration, de mise \u00e0 jour ou d&rsquo;am\u00e9lioration. Cependant, chaque fois que les circonstances le permettront, TRANSJSOLES informera l&rsquo;utilisateur, suffisamment \u00e0 l&rsquo;avance, de la date pr\u00e9vue pour la suspension du contenu.<\/p>\n<p>En outre, conform\u00e9ment aux art. 11 et 16 de la loi 34\/2002, du 11 juillet, relative aux services de la soci\u00e9t\u00e9 de l&rsquo;information et du commerce \u00e9lectronique (LSSICE), TRANSJSOLES s&rsquo;engage \u00e0 \u00e9liminer ou, le cas \u00e9ch\u00e9ant, bloquer les contenus qui pourraient affecter ou \u00eatre contraire \u00e0 la l\u00e9gislation en vigueur, le les droits des tiers ou la moralit\u00e9 et l&rsquo;ordre public.<\/p>\n<p>&nbsp;<\/p>\n<h3><strong>Cookies<\/strong><\/h3>\n<p>TRANSJSOLES utilise des cookies afin d&rsquo;optimiser et de personnaliser votre navigation sur le site. Les cookies sont des fichiers physiques d&rsquo;informations qui sont h\u00e9berg\u00e9s dans le propre terminal de l&rsquo;utilisateur, les informations collect\u00e9es via les cookies servent \u00e0 faciliter la navigation de l&rsquo;utilisateur sur le portail et \u00e0 optimiser l&rsquo;exp\u00e9rience de navigation. Les donn\u00e9es collect\u00e9es via les cookies peuvent \u00eatre partag\u00e9es avec leurs cr\u00e9ateurs, mais en aucun cas les informations obtenues par eux ne seront associ\u00e9es \u00e0 des donn\u00e9es personnelles ou permettant d&rsquo;identifier l&rsquo;utilisateur.<\/p>\n<p>Cependant, si l&rsquo;utilisateur ne souhaite pas que des cookies soient install\u00e9s sur son disque dur, il a la possibilit\u00e9 de configurer le navigateur de mani\u00e8re \u00e0 emp\u00eacher l&rsquo;installation de ces fichiers. Pour plus d&rsquo;informations, consultez notre politique de cookies <a href=\"https:\/\/transjsoles.com\/politica-cookies\"> https:\/\/transjsoles.com\/politica-cookies <\/a> .<\/p>\n<p>&nbsp;<\/p>\n<h3><strong>Liens<\/strong><\/h3>\n<p>La pr\u00e9sence de liens sur le site TRANSJSOLES vers d&rsquo;autres sites Internet est \u00e0 titre informatif uniquement et n&rsquo;implique en aucun cas une suggestion, une invitation ou une recommandation \u00e0 leur sujet. TRANSJSOLES n&rsquo;assumera pas la responsabilit\u00e9 du contenu d&rsquo;un lien appartenant \u00e0 un site Web tiers, ni ne garantira la fiabilit\u00e9, l&rsquo;exactitude, l&rsquo;\u00e9tendue, la v\u00e9racit\u00e9, la validit\u00e9 et la disponibilit\u00e9 technique.<\/p>\n<p>Dans le cas o\u00f9 des liens vers le site Web de TRANSJSOLES sont \u00e9tablis sur d&rsquo;autres sites Web, il ne sera pas entendu que TRANSJSOLES a autoris\u00e9 le lien ou le contenu du site Web o\u00f9 le lien est contenu, ni ne peut \u00eatre inclus sur la page. De le lien contenu inappropri\u00e9, diffamatoire, ill\u00e9gal, obsc\u00e8ne ou illicite, ou tout autre contenu contraire \u00e0 la l\u00e9gislation en vigueur.<\/p>\n<p>TRANSJSOLES se r\u00e9serve la possibilit\u00e9 de contacter le propri\u00e9taire du site sur lequel le lien est \u00e9tabli s&rsquo;il estime que la r\u00e9glementation est enfreinte, ainsi que d&rsquo;exercer les actions judiciaires et extrajudiciaires correspondantes.<\/p>\n<p>&nbsp;<\/p>\n<h3><strong>Modification des conditions<\/strong><\/h3>\n<p>TRANSJSOLES se r\u00e9serve express\u00e9ment le droit de modifier unilat\u00e9ralement, totalement ou partiellement, sans pr\u00e9avis, les pr\u00e9sentes mentions l\u00e9gales. L&rsquo;utilisateur reconna\u00eet et accepte qu&rsquo;il est de sa responsabilit\u00e9 de revoir p\u00e9riodiquement le pr\u00e9sent avis juridique.<\/p>\n<p>&nbsp;<\/p>\n<h3><strong>Langue<\/strong><\/h3>\n<p>Cette traduction en fran\u00e7ais n&rsquo;est d\u00e9livr\u00e9e que pour des raisons de commodit\u00e9 et dans le respect du droit \u00e0 l&rsquo;information selon l&rsquo;article 13 du r\u00e8glement UE 2016\/679, du 27 avril 2016 (RGPD) et l&rsquo;article 11 de la loi organique 3\/2018, du 5 D\u00e9cembre 2018 (LOPDGDD). En cas de divergence ou d&rsquo;incompatibilit\u00e9 entre les versions fran\u00e7aise et espagnole de cette mention l\u00e9gale, la version espagnole pr\u00e9vaudra.<\/p>\n<p><\/p>","protected":false},"excerpt":{"rendered":"<p>Mis \u00e0 jour le 20\/07\/2022 Version 1 Conform\u00e9ment au devoir d&rsquo;information contenu \u00e0 l&rsquo;article 10 de la loi 34\/2002 du 11 juillet sur les services de la soci\u00e9t\u00e9 de l&rsquo;information et du commerce \u00e9lectronique, nous vous informons que le site Web et le portail Internet https:\/\/transjsoles.com (\u00e0 partir de maintenant, le \u00abWeb\u00bb) la Soci\u00e9t\u00e9 exploitante [&hellip;]<\/p>\n","protected":false},"author":1,"featured_media":0,"parent":0,"menu_order":7,"comment_status":"closed","ping_status":"closed","template":"","meta":{"inline_featured_image":false,"footnotes":""},"class_list":["post-39","page","type-page","status-publish","hentry"],"acf":[],"_links":{"self":[{"href":"https:\/\/transjsoles.com\/fr\/wp-json\/wp\/v2\/pages\/39","targetHints":{"allow":["GET"]}}],"collection":[{"href":"https:\/\/transjsoles.com\/fr\/wp-json\/wp\/v2\/pages"}],"about":[{"href":"https:\/\/transjsoles.com\/fr\/wp-json\/wp\/v2\/types\/page"}],"author":[{"embeddable":true,"href":"https:\/\/transjsoles.com\/fr\/wp-json\/wp\/v2\/users\/1"}],"replies":[{"embeddable":true,"href":"https:\/\/transjsoles.com\/fr\/wp-json\/wp\/v2\/comments?post=39"}],"version-history":[{"count":11,"href":"https:\/\/transjsoles.com\/fr\/wp-json\/wp\/v2\/pages\/39\/revisions"}],"predecessor-version":[{"id":376,"href":"https:\/\/transjsoles.com\/fr\/wp-json\/wp\/v2\/pages\/39\/revisions\/376"}],"wp:attachment":[{"href":"https:\/\/transjsoles.com\/fr\/wp-json\/wp\/v2\/media?parent=39"}],"curies":[{"name":"wp","href":"https:\/\/api.w.org\/{rel}","templated":true}]}}