{"id":387,"date":"2023-04-20T10:45:08","date_gmt":"2023-04-20T10:45:08","guid":{"rendered":"https:\/\/transjsoles.com\/?page_id=387"},"modified":"2023-04-20T10:45:19","modified_gmt":"2023-04-20T10:45:19","slug":"kit-digital","status":"publish","type":"page","link":"https:\/\/transjsoles.com\/fr\/kit-digital\/","title":{"rendered":"Kit Digital"},"content":{"rendered":"<p>&nbsp;<\/p>\n<p>Financ\u00e9 par l&rsquo;Union europ\u00e9enne &#8211; NextGenerationEU. Cependant, les points de vue et opinions exprim\u00e9s sont uniquement ceux des auteurs et ne refl\u00e8tent pas n\u00e9cessairement ceux de l&rsquo;Union europ\u00e9enne ou de la Commission europ\u00e9enne. Ni l&rsquo;Union europ\u00e9enne ni la Commission europ\u00e9enne ne peuvent en \u00eatre tenues responsables.<\/p>\n<p>&nbsp;<\/p>\n<p><img loading=\"lazy\" decoding=\"async\" class=\"aligncenter size-full wp-image-388\" src=\"https:\/\/transjsoles.com\/wp-content\/uploads\/kit-digital-logo2064x239.png\" alt=\"\" width=\"1200\" height=\"139\" srcset=\"https:\/\/transjsoles.com\/wp-content\/uploads\/kit-digital-logo2064x239.png 1200w, https:\/\/transjsoles.com\/wp-content\/uploads\/kit-digital-logo2064x239-600x70.png 600w, https:\/\/transjsoles.com\/wp-content\/uploads\/kit-digital-logo2064x239-768x89.png 768w\" sizes=\"auto, (max-width: 1200px) 100vw, 1200px\" \/><\/p>","protected":false},"excerpt":{"rendered":"<p>&nbsp; Financ\u00e9 par l&rsquo;Union europ\u00e9enne &#8211; NextGenerationEU. Cependant, les points de vue et opinions exprim\u00e9s sont uniquement ceux des auteurs et ne refl\u00e8tent pas n\u00e9cessairement ceux de l&rsquo;Union europ\u00e9enne ou de la Commission europ\u00e9enne. Ni l&rsquo;Union europ\u00e9enne ni la Commission europ\u00e9enne ne peuvent en \u00eatre tenues responsables. &nbsp;<\/p>\n","protected":false},"author":1,"featured_media":0,"parent":0,"menu_order":9,"comment_status":"closed","ping_status":"closed","template":"","meta":{"inline_featured_image":false,"footnotes":""},"class_list":["post-387","page","type-page","status-publish","hentry"],"acf":[],"_links":{"self":[{"href":"https:\/\/transjsoles.com\/fr\/wp-json\/wp\/v2\/pages\/387","targetHints":{"allow":["GET"]}}],"collection":[{"href":"https:\/\/transjsoles.com\/fr\/wp-json\/wp\/v2\/pages"}],"about":[{"href":"https:\/\/transjsoles.com\/fr\/wp-json\/wp\/v2\/types\/page"}],"author":[{"embeddable":true,"href":"https:\/\/transjsoles.com\/fr\/wp-json\/wp\/v2\/users\/1"}],"replies":[{"embeddable":true,"href":"https:\/\/transjsoles.com\/fr\/wp-json\/wp\/v2\/comments?post=387"}],"version-history":[{"count":1,"href":"https:\/\/transjsoles.com\/fr\/wp-json\/wp\/v2\/pages\/387\/revisions"}],"predecessor-version":[{"id":389,"href":"https:\/\/transjsoles.com\/fr\/wp-json\/wp\/v2\/pages\/387\/revisions\/389"}],"wp:attachment":[{"href":"https:\/\/transjsoles.com\/fr\/wp-json\/wp\/v2\/media?parent=387"}],"curies":[{"name":"wp","href":"https:\/\/api.w.org\/{rel}","templated":true}]}}