{"id":3,"date":"2021-09-19T21:36:25","date_gmt":"2021-09-19T21:36:25","guid":{"rendered":"https:\/\/transjsoles.com\/?page_id=3"},"modified":"2022-09-26T23:37:18","modified_gmt":"2022-09-26T23:37:18","slug":"politica-privacidad","status":"publish","type":"page","link":"https:\/\/transjsoles.com\/fr\/politica-privacidad\/","title":{"rendered":"Politique de confidentialit\u00e9"},"content":{"rendered":"<p><\/p>\n<p>Mis \u00e0 jour le 20\/07\/2022<\/p>\n<p>Version 1<\/p>\n<table style=\"border: #CCC;\" border=\"1\" width=\"100%\" cellspacing=\"0\" cellpadding=\"10\">\n<tbody>\n<tr>\n<td valign=\"top\" width=\"142\">\u00a0<\/td>\n<td valign=\"top\" width=\"472\">\n<h2><strong> Informations de base sur la protection des donn\u00e9es <\/strong><\/h2>\n<\/td>\n<\/tr>\n<tr>\n<td valign=\"top\" width=\"142\">\n<p><strong>Responsable<\/strong><\/p>\n<\/td>\n<td valign=\"top\" width=\"472\">\n<p>TRANSPORTS I GRUES J. SOL\u00c9S, S.L.U. (\u00e0 partir de maintenant, TRANSJSOLES)<\/p>\n<\/td>\n<\/tr>\n<tr>\n<td valign=\"top\" width=\"142\">\n<p><strong>Objectif<\/strong><\/p>\n<\/td>\n<td valign=\"top\" width=\"472\">\n<p>Fourniture de services en ligne<\/p>\n<p>Gestion des utilisateurs Web<\/p>\n<p>Communications commerciales li\u00e9es \u00e0 nos services.<\/p>\n<p>G\u00e9rer les donn\u00e9es fournies par les candidats pour le processus de s\u00e9lection du personnel<\/p>\n<\/td>\n<\/tr>\n<tr>\n<td valign=\"top\" width=\"142\">\n<p><strong>L\u00e9gitimation<\/strong><\/p>\n<\/td>\n<td valign=\"top\" width=\"472\">\n<p>Consentement expr\u00e8s, ex\u00e9cution du contrat et int\u00e9r\u00eat l\u00e9gitime<\/p>\n<\/td>\n<\/tr>\n<tr>\n<td valign=\"top\" width=\"142\">\n<p><strong>B\u00e9n\u00e9ficiaires<\/strong><\/p>\n<\/td>\n<td valign=\"top\" width=\"472\">\n<p>Aucune donn\u00e9e ne sera transf\u00e9r\u00e9e \u00e0 des tiers, sauf:<\/p>\n<ul>\n<li>aux soci\u00e9t\u00e9s actuelles ou futures du GROUPE TRANSJSOLES<\/li>\n<li>par obligation l\u00e9gale.<\/li>\n<li>aux entreprises sp\u00e9cialis\u00e9es dans la s\u00e9lection du personnel et l&rsquo;analyse de profil des candidats \u00e0 l&#8217;emploi<\/li>\n<\/ul>\n<\/td>\n<\/tr>\n<tr>\n<td valign=\"top\" width=\"142\">\n<p><strong>Droits<\/strong><\/p>\n<\/td>\n<td valign=\"top\" width=\"472\">\n<p>Acc\u00e9der, rectifier et supprimer les donn\u00e9es, ainsi que d&rsquo;autres droits, comme sp\u00e9cifi\u00e9 dans les informations compl\u00e9mentaires.<\/p>\n<\/td>\n<\/tr>\n<tr>\n<td valign=\"top\" width=\"142\">\n<p><strong>Information compl\u00e9mentaire<\/strong><\/p>\n<\/td>\n<td valign=\"top\" width=\"472\">\n<p>Vous pouvez consulter les informations suppl\u00e9mentaires et d\u00e9taill\u00e9es sur la protection des donn\u00e9es dans les clauses ci-jointes disponibles sur: <a href=\"https:\/\/transjsoles.com\/politica-privacidad\"> https:\/\/transjsoles.com\/politica-privacidad <\/a> .<\/p>\n<\/td>\n<\/tr>\n<\/tbody>\n<\/table>\n<p>Chez TRANSPORTS I GRUES J. SOL\u00c9S, S.L.U. (ci-apr\u00e8s TRANSJSOLES) nous travaillons pour vous offrir la meilleure exp\u00e9rience possible gr\u00e2ce \u00e0 nos produits et services. Dans certains cas, il est n\u00e9cessaire de rassembler des informations pour y parvenir. Nous nous soucions de votre vie priv\u00e9e et nous pensons que nous devons \u00eatre transparents \u00e0 ce sujet.<\/p>\n<p>Pour cette raison, et aux fins des dispositions du r\u00e8glement (UE) 2016\/679 du Parlement europ\u00e9en et du Conseil du 27 avril 2016 (ci-apr\u00e8s \u00abRGPD\u00bb) relatif \u00e0 la protection des personnes physiques \u00e0 l&rsquo;\u00e9gard du traitement des donn\u00e9es personnelles et la libre circulation de ces donn\u00e9es, et la LOI 34\/2002, du 11 juillet, sur les services de la soci\u00e9t\u00e9 de l&rsquo;information et le commerce \u00e9lectronique (ci-apr\u00e8s, \u00abLSSI\u00bb), TRANSJSOLES informe l&rsquo;utilisateur qu&rsquo;en tant que responsable du traitement, les donn\u00e9es personnelles fournies par les utilisateurs dans un fichier automatis\u00e9.<\/p>\n<p>Notre engagement commence par vous expliquer ce qui suit:<\/p>\n<p>\u2022 Vos donn\u00e9es sont collect\u00e9es afin que l&rsquo;exp\u00e9rience utilisateur s&rsquo;am\u00e9liore, en tenant compte de vos int\u00e9r\u00eats et besoins.<\/p>\n<p>\u2022 Nous sommes transparents sur les donn\u00e9es que nous recueillons \u00e0 votre sujet et pourquoi nous le faisons.<\/p>\n<p>\u2022 Notre intention est de vous offrir la meilleure exp\u00e9rience possible. Par cons\u00e9quent, lorsque nous utiliserons vos informations personnelles, nous nous conformerons toujours \u00e0 la r\u00e9glementation et, si n\u00e9cessaire, nous vous demanderons votre consentement.<\/p>\n<p>\u2022 Nous comprenons que vos donn\u00e9es vous appartiennent. Par cons\u00e9quent, si vous d\u00e9cidez de ne pas nous autoriser \u00e0 les traiter, vous pouvez nous demander d&rsquo;arr\u00eater de les traiter.<\/p>\n<p>\u2022 Notre priorit\u00e9 est de garantir votre s\u00e9curit\u00e9 et de traiter vos donn\u00e9es conform\u00e9ment \u00e0 la r\u00e9glementation europ\u00e9enne.<\/p>\n<p>Si vous souhaitez obtenir plus d&rsquo;informations sur le traitement de vos donn\u00e9es, consultez les diff\u00e9rentes sections de la politique de confidentialit\u00e9 ci-dessous:<\/p>\n<p>&nbsp;<\/p>\n<h3><strong> Qui est responsable du traitement de vos donn\u00e9es personnelles? <\/strong><\/h3>\n<p>Raison sociale: TRANSPORTS I GRUES J. SOL\u00c9S, S.L.U.<\/p>\n<p>Raison commercial: TRANSJSOLES<\/p>\n<p>Si\u00e8ge social: <a name=\"_Hlk110881488\"><\/a> Pol\u00edgon Industrial VII-Carrer Les Alzines, 6 de 17111 VULPELLAC (Girona)<\/p>\n<p>C.I.F.: B17229683<\/p>\n<p>Courriel: <a href=\"mailto:info@grupros.com\">info@transjsoles.com<\/a><\/p>\n<p>Le TRANSJSOLES a d\u00e9sign\u00e9 une personne de contact interne comme coordinateur de l&rsquo;adaptation au sein de son organisation. Si vous souhaitez poser une question concernant le traitement de vos donn\u00e9es personnelles, vous pouvez le contacter par email <a href=\"mailto:info@transjsoles.com\">info@transjsoles.com<\/a>.<\/p>\n<p>&nbsp;<\/p>\n<h3><strong>Quelles donn\u00e9es personnelles collectons-nous?<\/strong><\/h3>\n<p>Les donn\u00e9es personnelles que l&rsquo;utilisateur peut fournir:<\/p>\n<p>\u2022 Nom, adresse et date de naissance.<\/p>\n<p>\u2022 Num\u00e9ro de t\u00e9l\u00e9phone et adresse e-mail.<\/p>\n<p>\u2022Emplacement.<\/p>\n<p>\u2022 Informations concernant les paiements et les retours.<\/p>\n<p>\u2022 Adresse IP, date et heure auxquelles vous avez acc\u00e9d\u00e9 \u00e0 nos services, navigateur Internet que vous utilisez et donn\u00e9es sur le syst\u00e8me d&rsquo;exploitation de l&rsquo;appareil.<\/p>\n<p>\u2022 Donn\u00e9es Curriculum Vitae (CV) des candidats \u00e0 un poste.<\/p>\n<p>\u2022 Toute autre information ou donn\u00e9e que vous d\u00e9cidez de partager avec nous.<\/p>\n<p>Dans certains cas, il est obligatoire de remplir le formulaire d&rsquo;inscription pour acc\u00e9der et profiter de certains services propos\u00e9s sur le web; De m\u00eame, ne pas fournir les donn\u00e9es personnelles demand\u00e9es ou n&rsquo;accepter cette politique de protection des donn\u00e9es signifie qu&rsquo;il est impossible de souscrire, de s&rsquo;inscrire ou de participer \u00e0 l&rsquo;une des promotions dans lesquelles des donn\u00e9es personnelles sont demand\u00e9es.<\/p>\n<p>&nbsp;<\/p>\n<h3><strong>Pourquoi et pour quoi traitons-nous vos donn\u00e9es?<\/strong><\/h3>\n<p>Chez TRANSJSOLES, nous traitons les informations fournies par les personnes int\u00e9ress\u00e9es aux fins suivantes:<\/p>\n<p>\u2022 G\u00e9rer les demandes ou contracter l&rsquo;un de nos services, dans l&rsquo;un de nos centres logistiques.<\/p>\n<p>\u2022 G\u00e9rer l&rsquo;envoi des informations qu&rsquo;ils demandent.<\/p>\n<p>\u2022 G\u00e9rer les donn\u00e9es fournies par les candidats pour un lieu de travail via leur Curriculum Vitae (CV) dans le seul but de compl\u00e9ter le processus de s\u00e9lection du personnel.<\/p>\n<p>\u2022 D\u00e9velopper des actions commerciales et effectuer la maintenance et la gestion de la relation avec l&rsquo;utilisateur, ainsi que la gestion des services offerts via le site Web et des t\u00e2ches d&rsquo;information, en pouvant effectuer des \u00e9valuations automatiques, obtenir des profils et des t\u00e2ches de segmentation des clients afin de personnaliser le traitement en fonction de leurs caract\u00e9ristiques et besoins et d&rsquo;am\u00e9liorer l&rsquo;exp\u00e9rience en ligne du client. D\u00e9velopper et g\u00e9rer des concours, des tirages au sort ou d&rsquo;autres activit\u00e9s promotionnelles qui peuvent \u00eatre organis\u00e9s.<\/p>\n<p>\u2022 Dans certains cas, il sera n\u00e9cessaire de fournir des informations aux autorit\u00e9s ou \u00e0 des soci\u00e9t\u00e9s tierces \u00e0 des fins d&rsquo;audit, ainsi que de traiter les donn\u00e9es personnelles des factures, contrats et documents pour r\u00e9pondre aux demandes des clients ou des administrations publiques<\/p>\n<p>Nous informons que les donn\u00e9es personnelles obtenues \u00e0 la suite de votre inscription en tant qu&rsquo;utilisateur feront partie du Registre des Activit\u00e9s et Op\u00e9rations de Traitement (RAT), qui sera p\u00e9riodiquement mis \u00e0 jour conform\u00e9ment aux dispositions du RGPD.<\/p>\n<p>&nbsp;<\/p>\n<h3><strong>Quelle est la l\u00e9gitimit\u00e9 du traitement de vos donn\u00e9es?<\/strong><\/h3>\n<p>Le traitement de vos donn\u00e9es peut \u00eatre bas\u00e9 sur les bases juridiques suivantes:<\/p>\n<p>\u2022 Consentement de l&rsquo;int\u00e9ress\u00e9 pour les formulaires de contact, les demandes d&rsquo;informations ou l&rsquo;inscription dans les newsletters.<\/p>\n<p>\u2022 Ex\u00e9cution d&rsquo;un contrat pour la sous-traitance de services et de produits ou l&#8217;embauche de personnel sur le lieu de travail.<\/p>\n<p>\u2022 Int\u00e9r\u00eat l\u00e9gitime pour le traitement des donn\u00e9es de nos clients dans des actions de marketing direct et consentement expr\u00e8s de l&rsquo;int\u00e9ress\u00e9 pour tout ce qui concerne les \u00e9valuations automatiques et la pr\u00e9paration des profils.<\/p>\n<p>\u2022 Respect des obligations l\u00e9gales en mati\u00e8re de pr\u00e9vention de la fraude, de communication avec les pouvoirs publics et de r\u00e9clamations de tiers.<\/p>\n<p>&nbsp;<\/p>\n<h3><strong>Combien de temps conservons-nous vos donn\u00e9es?<\/strong><\/h3>\n<p>Le traitement des donn\u00e9es aux fins d\u00e9crites sera maintenu pendant le temps n\u00e9cessaire pour atteindre l&rsquo;objectif de sa collecte (par exemple, pendant la dur\u00e9e de la relation commerciale), ainsi que pour l&rsquo;accomplissement des obligations l\u00e9gales d\u00e9coulant du traitement. des donn\u00e9es. des donn\u00e9es.<\/p>\n<p>Le temps de conservation des CV des candidats pour les processus de s\u00e9lection du personnel, non retenus, sera d&rsquo;un an \u00e0 compter de la r\u00e9ception de celui-ci.<\/p>\n<p>&nbsp;<\/p>\n<h3><strong>\u00c0 quels destinataires vos donn\u00e9es sont-elles communiqu\u00e9es?<\/strong><\/h3>\n<p>Dans certains cas, uniquement lorsque cela est n\u00e9cessaire, TRANSJSOLES fournira les donn\u00e9es des utilisateurs \u00e0 des tiers. Cependant, les donn\u00e9es ne seront jamais vendues \u00e0 des tiers. Les prestataires de services externes (par exemple, les prestataires de paiement ou les soci\u00e9t\u00e9s de livraison) avec lesquels TRANSJSOLES travaille peuvent utiliser les donn\u00e9es pour fournir les services correspondants, mais ils n&rsquo;utiliseront pas ces informations \u00e0 leurs propres fins ou pour les transf\u00e9rer \u00e0 des tiers.<\/p>\n<p>TRANSJSOLES s&rsquo;efforce de garantir la s\u00e9curit\u00e9 des donn\u00e9es personnelles lorsqu&rsquo;elles sont envoy\u00e9es \u00e0 l&rsquo;ext\u00e9rieur de l&rsquo;entreprise et s&rsquo;assure que les prestataires de services tiers respectent la confidentialit\u00e9 et mettent en place les mesures appropri\u00e9es pour prot\u00e9ger les donn\u00e9es personnelles. Ces tiers ont l&rsquo;obligation de garantir que les informations sont trait\u00e9es conform\u00e9ment \u00e0 la r\u00e9glementation sur la protection des donn\u00e9es.<\/p>\n<p>Dans certains cas, la loi peut exiger que les donn\u00e9es personnelles soient divulgu\u00e9es \u00e0 des organismes publics ou \u00e0 d&rsquo;autres parties, seul ce qui est strictement n\u00e9cessaire pour se conformer auxdites obligations l\u00e9gales sera divulgu\u00e9.<\/p>\n<p>Les donn\u00e9es personnelles obtenues peuvent \u00e9galement \u00eatre partag\u00e9es avec d&rsquo;autres soci\u00e9t\u00e9s actuelles ou futures de TRANSJSOLES.<\/p>\n<p>&nbsp;<\/p>\n<h3><strong>O\u00f9 sont stock\u00e9es vos donn\u00e9es?<\/strong><\/h3>\n<p>En g\u00e9n\u00e9ral, les donn\u00e9es sont stock\u00e9es dans l&rsquo;UE. Les donn\u00e9es envoy\u00e9es \u00e0 des tiers n&rsquo;appartenant pas \u00e0 l&rsquo;UE, nous veillerons \u00e0 ce qu&rsquo;ils offrent un niveau de protection suffisant, soit parce qu&rsquo;ils ont des r\u00e8gles d&rsquo;entreprise contraignantes (BCR), soit parce qu&rsquo;ils ont adh\u00e9r\u00e9 au \u00abBouclier de protection des donn\u00e9es\u00bb ou l&rsquo;accord qui est en vigueur en tout temps.<\/p>\n<p>&nbsp;<\/p>\n<h3><strong>Quels droits avez-vous et comment pouvez-vous les exercer?<\/strong><\/h3>\n<p>Vous pouvez diriger vos communications et exercer vos droits par le biais d&rsquo;une demande \u00e0 l&rsquo;adresse \u00e9lectronique suivante: <a href=\"mailto:info@transjsoles.com\">info@transjsoles.com<\/a>.<\/p>\n<p>Bas\u00e9 sur ce que le RGPD \u00e9tablit, vous pouvez demander:<\/p>\n<p>\u2022 Droit d&rsquo;acc\u00e8s: vous pouvez demander des informations sur les donn\u00e9es personnelles que nous d\u00e9tenons \u00e0 votre sujet.<\/p>\n<p>\u2022 Droit de rectification: vous pouvez communiquer toute modification de vos donn\u00e9es personnelles.<\/p>\n<p>\u2022 Droit \u00e0 l&rsquo;effacement et \u00e0 l&rsquo;oubli: vous pouvez demander la suppression apr\u00e8s avoir bloqu\u00e9 vos donn\u00e9es personnelles.<\/p>\n<p>\u2022 Droit de limiter le traitement: implique la limitation du traitement des donn\u00e9es personnelles.<\/p>\n<p>\u2022 Droit d&rsquo;opposition: vous pouvez retirer votre consentement au traitement des donn\u00e9es, en vous opposant \u00e0 ce qu&rsquo;elles continuent \u00e0 \u00eatre trait\u00e9es.<\/p>\n<p>\u2022 Droit \u00e0 la portabilit\u00e9: dans certains cas, vous pouvez demander une copie des donn\u00e9es personnelles dans un format structur\u00e9, couramment utilis\u00e9 et lisible par machine pour transmission \u00e0 un autre responsable.<\/p>\n<p>\u2022 Droit de ne pas faire l&rsquo;objet de d\u00e9cisions individualis\u00e9es: vous pouvez demander que des d\u00e9cisions ne soient pas prises uniquement sur la base d&rsquo;un traitement automatis\u00e9, y compris le profilage, qui produit des effets juridiques ou affecte de mani\u00e8re significative l&rsquo;int\u00e9ress\u00e9.<\/p>\n<p>Dans certains cas, la demande peut \u00eatre rejet\u00e9e si vous demandez que les donn\u00e9es n\u00e9cessaires au respect des obligations l\u00e9gales soient supprim\u00e9es.<\/p>\n<p>De m\u00eame, si vous avez une r\u00e9clamation concernant le traitement des donn\u00e9es, vous pouvez d\u00e9poser une r\u00e9clamation aupr\u00e8s de l&rsquo;autorit\u00e9 de protection des donn\u00e9es.<\/p>\n<p>&nbsp;<\/p>\n<h3><strong> Qui est responsable de l&rsquo;exactitude et de la v\u00e9racit\u00e9 des donn\u00e9es fournies? <\/strong><\/h3>\n<p>L&rsquo;utilisateur est seul responsable de la v\u00e9racit\u00e9 et de l&rsquo;exactitude des donn\u00e9es incluses, exon\u00e9rant TRANSJSOLES de toute responsabilit\u00e9 \u00e0 cet \u00e9gard. Les utilisateurs garantissent et r\u00e9pondent, dans tous les cas, \u00e0 l&rsquo;exactitude, la validit\u00e9 et l&rsquo;authenticit\u00e9 des donn\u00e9es personnelles fournies, et s&rsquo;engagent \u00e0 les tenir d\u00fbment \u00e0 jour. L&rsquo;utilisateur s&rsquo;engage \u00e0 fournir des informations compl\u00e8tes et correctes dans le formulaire d&rsquo;inscription ou d&rsquo;abonnement. TRANSJSOLES se r\u00e9serve le droit de r\u00e9silier les services contractuels qui ont \u00e9t\u00e9 d\u00e9tenus avec les utilisateurs, dans le cas o\u00f9 les informations que vous avez fournies sont fausses, incompl\u00e8tes, inexactes ou non \u00e0 jour.<\/p>\n<p>TRANSJSOLES n&rsquo;est pas responsable de la v\u00e9racit\u00e9 des informations qui ne sont pas de sa propre cr\u00e9ation et pour lesquelles une autre source est indiqu\u00e9e, par cons\u00e9quent, il n&rsquo;assume aucune responsabilit\u00e9 pour les dommages hypoth\u00e9tiques pouvant r\u00e9sulter de l&rsquo;utilisation de ces informations.<\/p>\n<p>TRANSJSOLES se r\u00e9serve le droit de mettre \u00e0 jour, de modifier ou d&rsquo;\u00e9liminer les informations contenues dans ses pages Web et peut m\u00eame limiter ou refuser l&rsquo;acc\u00e8s \u00e0 ces informations. TRANSJSOLES est exon\u00e9r\u00e9 de responsabilit\u00e9 pour tout dommage ou pr\u00e9judice que l&rsquo;utilisateur pourrait subir du fait d&rsquo;erreurs, de d\u00e9fauts ou d&rsquo;omissions, dans les informations fournies par TRANSJSOLES \u00e0 condition qu&rsquo;elles proviennent de sources autres que les m\u00eames.<\/p>\n<p>De m\u00eame, l&rsquo;utilisateur certifie qu&rsquo;il est \u00e2g\u00e9 de plus de 14 ans et qu&rsquo;il dispose de la capacit\u00e9 juridique n\u00e9cessaire pour donner son consentement au traitement de ses donn\u00e9es personnelles.<\/p>\n<p>&nbsp;<\/p>\n<h3><strong> Comment traitons-nous les donn\u00e9es personnelles des mineurs? <\/strong><\/h3>\n<p>En principe, nos produits ou services ne sont pas sp\u00e9cifiquement destin\u00e9s aux mineurs. Toutefois, dans l&rsquo;hypoth\u00e8se o\u00f9 l&rsquo;un d&rsquo;entre eux s&rsquo;adresse \u00e0 des mineurs de moins de quatorze ans, conform\u00e9ment \u00e0 l&rsquo;article 8 du RGPD et \u00e0 l&rsquo;article 7 de la LO 3\/2018, du 5 d\u00e9cembre (LOPDGDD), TRANSJSOLES exigera le consentement libre, sans \u00e9quivoque, sp\u00e9cifique et \u00e9clair\u00e9 de leurs tuteurs l\u00e9gaux pour traiter les donn\u00e9es personnelles des mineurs. Dans ce cas, le DNI ou une autre forme d&rsquo;identification de la personne donnant le consentement sera exig\u00e9.<\/p>\n<p>Dans le cas des personnes \u00e2g\u00e9es de plus de quatorze ans, les donn\u00e9es peuvent \u00eatre trait\u00e9es avec le consentement de l&rsquo;utilisateur, \u00e0 l&rsquo;exception des cas o\u00f9 la loi requiert l&rsquo;assistance des titulaires de l&rsquo;autorit\u00e9 parentale ou de la tutelle.<\/p>\n<p>&nbsp;<\/p>\n<h3><strong> Quelles mesures de s\u00e9curit\u00e9 appliquons-nous pour prot\u00e9ger vos donn\u00e9es personnelles? <\/strong><\/h3>\n<p>TRANSJSOLES a adopt\u00e9 les niveaux de s\u00e9curit\u00e9 de protection des donn\u00e9es personnelles l\u00e9galement requis et essaie d&rsquo;installer ces autres moyens et mesures techniques suppl\u00e9mentaires \u00e0 sa disposition pour \u00e9viter la perte, l&rsquo;utilisation abusive, l&rsquo;alt\u00e9ration, l&rsquo;acc\u00e8s non autoris\u00e9 et le vol des donn\u00e9es personnelles fournies \u00e0 GRUP. ROS.<\/p>\n<p>TRANSJSOLES n&rsquo;est pas responsable des dommages hypoth\u00e9tiques pouvant r\u00e9sulter d&rsquo;interf\u00e9rences, d&rsquo;omissions, d&rsquo;interruptions, de virus informatiques, de pannes t\u00e9l\u00e9phoniques ou de d\u00e9connexions dans le fonctionnement op\u00e9rationnel de ce syst\u00e8me \u00e9lectronique, caus\u00e9s par des causes ind\u00e9pendantes de la volont\u00e9 de TRANSJSOLES; des retards ou des blocages dans l&rsquo;utilisation de ce syst\u00e8me \u00e9lectronique caus\u00e9s par des carences ou des surcharges de lignes t\u00e9l\u00e9phoniques ou des surcharges dans le centre de traitement des donn\u00e9es, dans le syst\u00e8me Internet ou dans d&rsquo;autres syst\u00e8mes \u00e9lectroniques, ainsi que des dommages pouvant \u00eatre caus\u00e9s par des tiers par le biais de ing\u00e9rence ill\u00e9gitime hors du contr\u00f4le du TRANSJSOLES. Cependant, l&rsquo;utilisateur doit \u00eatre conscient que les mesures de s\u00e9curit\u00e9 Internet ne sont pas imprenables.<\/p>\n<p>&nbsp;<\/p>\n<h3><strong>Liens vers d&rsquo;autres sites Web<\/strong><\/h3>\n<p>Sur le site Web <a href=\"https:\/\/www.grupros.es\">https:\/\/transjsoles.com<\/a> , il peut y avoir des liens vers d&rsquo;autres pages Web. En cliquant sur l&rsquo;un de ces liens et en acc\u00e9dant \u00e0 un site Web externe, la visite sera soumise \u00e0 la politique de confidentialit\u00e9 dudit site Web, laissant TRANSJSOLES sans aucun rapport avec tout type de responsabilit\u00e9 concernant sa politique de confidentialit\u00e9.<\/p>\n<p>&nbsp;<\/p>\n<h3><strong>Comment utilisons-nous les cookies?<\/strong><\/h3>\n<p>Le site et le r\u00e9seaux sociaux de TRANSJSOLES utilisent des cookies, afin d&rsquo;optimiser et de personnaliser votre navigation \u00e0 travers celui-ci. Les cookies sont des fichiers physiques d&rsquo;informations qui sont h\u00e9berg\u00e9s dans le propre terminal de l&rsquo;utilisateur, les informations collect\u00e9es via les cookies servent \u00e0 faciliter la navigation de l&rsquo;utilisateur sur le portail et \u00e0 optimiser l&rsquo;exp\u00e9rience de navigation. Les donn\u00e9es collect\u00e9es via les cookies peuvent \u00eatre partag\u00e9es avec leurs cr\u00e9ateurs, mais en aucun cas les informations obtenues par eux ne seront associ\u00e9es \u00e0 des donn\u00e9es personnelles ou permettant d&rsquo;identifier l&rsquo;utilisateur.<\/p>\n<p>Cependant, si l&rsquo;utilisateur ne souhaite pas que des cookies soient install\u00e9s sur son disque dur, il a la possibilit\u00e9 de configurer le navigateur de mani\u00e8re \u00e0 emp\u00eacher l&rsquo;installation de ces fichiers. Pour plus d&rsquo;informations, consultez notre politique de cookies <a href=\"https:\/\/www.grupros.es\/politica-cookies\"> https:\/\/transjsoles.com\/politica-cookies <\/a> .<\/p>\n<p>&nbsp;<\/p>\n<h3><strong>La politique de confidentialit\u00e9 peut-elle \u00eatre modifi\u00e9e?<\/strong><\/h3>\n<p>Cette politique de confidentialit\u00e9 peut \u00eatre modifi\u00e9e. Nous vous recommandons de consulter p\u00e9riodiquement la politique de confidentialit\u00e9.<\/p>\n<p>&nbsp;<\/p>\n<h3><strong>Langue<\/strong><\/h3>\n<p>Cette traduction en fran\u00e7ais n&rsquo;est d\u00e9livr\u00e9e que pour des raisons de commodit\u00e9 et dans le respect du droit \u00e0 l&rsquo;information selon l&rsquo;article 13 du r\u00e8glement UE 2016\/679, du 27 avril 2016 (RGPD) et l&rsquo;article 11 de la loi organique 3\/2018, du 5 D\u00e9cembre 2018 (LOPDGDD). En cas de divergence ou d&rsquo;incompatibilit\u00e9 entre les versions fran\u00e7aise et espagnole de cette politique de confidentialit\u00e9, la version espagnole pr\u00e9vaudra.<\/p>\n<p><\/p>","protected":false},"excerpt":{"rendered":"<p>Mis \u00e0 jour le 20\/07\/2022 Version 1 \u00a0 Informations de base sur la protection des donn\u00e9es Responsable TRANSPORTS I GRUES J. SOL\u00c9S, S.L.U. (\u00e0 partir de maintenant, TRANSJSOLES) Objectif Fourniture de services en ligne Gestion des utilisateurs Web Communications commerciales li\u00e9es \u00e0 nos services. G\u00e9rer les donn\u00e9es fournies par les candidats pour le processus de [&hellip;]<\/p>\n","protected":false},"author":1,"featured_media":0,"parent":0,"menu_order":8,"comment_status":"closed","ping_status":"closed","template":"","meta":{"inline_featured_image":false,"footnotes":""},"class_list":["post-3","page","type-page","status-publish","hentry"],"acf":[],"_links":{"self":[{"href":"https:\/\/transjsoles.com\/fr\/wp-json\/wp\/v2\/pages\/3","targetHints":{"allow":["GET"]}}],"collection":[{"href":"https:\/\/transjsoles.com\/fr\/wp-json\/wp\/v2\/pages"}],"about":[{"href":"https:\/\/transjsoles.com\/fr\/wp-json\/wp\/v2\/types\/page"}],"author":[{"embeddable":true,"href":"https:\/\/transjsoles.com\/fr\/wp-json\/wp\/v2\/users\/1"}],"replies":[{"embeddable":true,"href":"https:\/\/transjsoles.com\/fr\/wp-json\/wp\/v2\/comments?post=3"}],"version-history":[{"count":14,"href":"https:\/\/transjsoles.com\/fr\/wp-json\/wp\/v2\/pages\/3\/revisions"}],"predecessor-version":[{"id":385,"href":"https:\/\/transjsoles.com\/fr\/wp-json\/wp\/v2\/pages\/3\/revisions\/385"}],"wp:attachment":[{"href":"https:\/\/transjsoles.com\/fr\/wp-json\/wp\/v2\/media?parent=3"}],"curies":[{"name":"wp","href":"https:\/\/api.w.org\/{rel}","templated":true}]}}