{"id":8,"date":"2021-09-20T16:09:32","date_gmt":"2021-09-20T16:09:32","guid":{"rendered":"https:\/\/transjsoles.com\/?page_id=8"},"modified":"2023-07-31T13:30:01","modified_gmt":"2023-07-31T13:30:01","slug":"empresa-transporte-carretera","status":"publish","type":"page","link":"https:\/\/transjsoles.com\/es\/empresa-transporte-carretera\/","title":{"rendered":"Empresa"},"content":{"rendered":"<p><\/p>\n<h1><strong>Transportes y gr\u00faas desde 1.939<\/strong><\/h1>\n<p>Transportes y Gr\u00faas J. Sol\u00e9s SL es una empresa dedicada al <strong>transporte por carretera, especializada en cargas completas y fraccionadas.<\/strong> Operamos en la Pen\u00ednsula Ib\u00e9rica y la Uni\u00f3n Europea.<\/p>\n<p>Nuestra sede social y log\u00edstica se encuentra en la localidad de Vulpellac, en Girona. Esta ubicaci\u00f3n es estrat\u00e9gica por su cercan\u00eda con la frontera, autopistas, y zona industrial del Bajo Ampurd\u00e1n.<\/p>\n<p>Desde nuestras oficinas gestionamos din\u00e1micamente la actividad de la empresa. Contamos con tecnolog\u00eda propia para monitorizar de cerca la mercanc\u00eda y optimizar al m\u00e1ximo los tiempos de entrega.<\/p>\n<p>Nuestro personal est\u00e1 altamente cualificado. Adem\u00e1s, contamos con una selecci\u00f3n de colaboradores externos que nos permiten cubrir un amplio abanico de rutas, tipos de carga y vol\u00famenes, con plazos de ejecuci\u00f3n adaptados a cualquier pedido.<\/p>\n<h2><strong>Constante innovaci\u00f3n en transporte y log\u00edstica<\/strong><\/h2>\n<p>En Transports J. Sol\u00e9s somos gente inquieta. No paramos hasta dar con soluciones. Incorporamos tanto la tecnolog\u00eda, como a los profesionales adecuados o las infraestructuras que nos ayudan a estar cerca, para que nuestros clientes lleguen lejos.<\/p>\n<p>Por ejemplo, somos 100% competitivos en el mercado de la log\u00edstica integral, por haber sido pioneros en la gesti\u00f3n de pedidos y estocaje estableciendo almacenes de custodia de las mercanc\u00edas para nuestros clientes.<\/p>\n<p>Si tu empresa, de forma regular u ocasional, necesita transportar mercanc\u00edas de cualquier tipo dentro del territorio peninsular o la Uni\u00f3n Europea, somos tu colaborador id\u00f3neo.<\/p>","protected":false},"excerpt":{"rendered":"<p>Transportes y gr\u00faas desde 1.939 Transportes y Gr\u00faas J. Sol\u00e9s SL es una empresa dedicada al transporte por carretera, especializada en cargas completas y fraccionadas. Operamos en la Pen\u00ednsula Ib\u00e9rica y la Uni\u00f3n Europea. Nuestra sede social y log\u00edstica se encuentra en la localidad de Vulpellac, en Girona. Esta ubicaci\u00f3n es estrat\u00e9gica por su cercan\u00eda [&hellip;]<\/p>\n","protected":false},"author":1,"featured_media":180,"parent":0,"menu_order":3,"comment_status":"closed","ping_status":"closed","template":"page-empresa.php","meta":{"inline_featured_image":false,"footnotes":""},"class_list":["post-8","page","type-page","status-publish","has-post-thumbnail","hentry"],"acf":[],"_links":{"self":[{"href":"https:\/\/transjsoles.com\/es\/wp-json\/wp\/v2\/pages\/8","targetHints":{"allow":["GET"]}}],"collection":[{"href":"https:\/\/transjsoles.com\/es\/wp-json\/wp\/v2\/pages"}],"about":[{"href":"https:\/\/transjsoles.com\/es\/wp-json\/wp\/v2\/types\/page"}],"author":[{"embeddable":true,"href":"https:\/\/transjsoles.com\/es\/wp-json\/wp\/v2\/users\/1"}],"replies":[{"embeddable":true,"href":"https:\/\/transjsoles.com\/es\/wp-json\/wp\/v2\/comments?post=8"}],"version-history":[{"count":46,"href":"https:\/\/transjsoles.com\/es\/wp-json\/wp\/v2\/pages\/8\/revisions"}],"predecessor-version":[{"id":415,"href":"https:\/\/transjsoles.com\/es\/wp-json\/wp\/v2\/pages\/8\/revisions\/415"}],"wp:featuredmedia":[{"embeddable":true,"href":"https:\/\/transjsoles.com\/es\/wp-json\/wp\/v2\/media\/180"}],"wp:attachment":[{"href":"https:\/\/transjsoles.com\/es\/wp-json\/wp\/v2\/media?parent=8"}],"curies":[{"name":"wp","href":"https:\/\/api.w.org\/{rel}","templated":true}]}}