{"id":8,"date":"2021-09-20T16:09:32","date_gmt":"2021-09-20T16:09:32","guid":{"rendered":"https:\/\/transjsoles.com\/?page_id=8"},"modified":"2023-07-31T13:30:01","modified_gmt":"2023-07-31T13:30:01","slug":"empresa-transporte-carretera","status":"publish","type":"page","link":"https:\/\/transjsoles.com\/ca\/empresa-transport-carretera\/","title":{"rendered":"Empresa"},"content":{"rendered":"<p><\/p>\n<h1><strong>Transports i grues des de 1939<\/strong><\/h1>\n<p>Transports i Grues J. Sol\u00e9s SL \u00e9s una empresa dedicada al transport per carretera, especialitzada en c\u00e0rregues completes i fraccionades. Operem a la pen\u00ednsula Ib\u00e8rica i la Uni\u00f3 Europea.<\/p>\n<p>La nostra seu social i log\u00edstica es troba a la localitat de Vulpellac, a Girona. Aquesta ubicaci\u00f3 \u00e9s estrat\u00e8gica per la proximitat amb la frontera, autopistes i zona industrial del Baix Empord\u00e0.<\/p>\n<p>Des de les nostres oficines gestionem din\u00e0micament l\u2019activitat de l\u2019empresa. Comptem amb tecnologia pr\u00f2pia per monitoritzar de prop la mercaderia i optimitzar al m\u00e0xim els temps de lliurament.<\/p>\n<p>El nostre personal est\u00e0 altament qualificat. A m\u00e9s, comptem amb una selecci\u00f3 de col\u00b7laboradors externs que ens permeten cobrir un ampli ventall de rutes, tipus de c\u00e0rrega i volums, amb terminis d&#8217;execuci\u00f3 adaptats a qualsevol comanda.<\/p>\n<h2><strong>Constant innovaci\u00f3 en transport i log\u00edstica<\/strong><\/h2>\n<p>A Transports J. Sol\u00e9s som gent inquieta. No parem fins a trobar solucions. Incorporem tant la tecnologia, com als professionals adequats o les infraestructures que ens ajuden a estar a prop, perqu\u00e8 els nostres clients arribin lluny.<\/p>\n<p>Per exemple, som 100% competitius en el mercat de la log\u00edstica integral, per haver estat pioners en la gesti\u00f3 de comandes i estocatge establint magatzems de cust\u00f2dia de les mercaderies per als nostres clients.<\/p>\n<p>Si la teva empresa, de manera regular o ocasional, necessita transportar mercaderies de qualsevol tipus dins del territori peninsular o la Uni\u00f3 Europea, som el teu col\u00b7laborador idoni.<\/p>","protected":false},"excerpt":{"rendered":"<p>Transports i grues des de 1939 Transports i Grues J. Sol\u00e9s SL \u00e9s una empresa dedicada al transport per carretera, especialitzada en c\u00e0rregues completes i fraccionades. Operem a la pen\u00ednsula Ib\u00e8rica i la Uni\u00f3 Europea. La nostra seu social i log\u00edstica es troba a la localitat de Vulpellac, a Girona. Aquesta ubicaci\u00f3 \u00e9s estrat\u00e8gica per [&hellip;]<\/p>\n","protected":false},"author":1,"featured_media":180,"parent":0,"menu_order":3,"comment_status":"closed","ping_status":"closed","template":"page-empresa.php","meta":{"inline_featured_image":false,"footnotes":""},"class_list":["post-8","page","type-page","status-publish","has-post-thumbnail","hentry"],"acf":[],"_links":{"self":[{"href":"https:\/\/transjsoles.com\/ca\/wp-json\/wp\/v2\/pages\/8","targetHints":{"allow":["GET"]}}],"collection":[{"href":"https:\/\/transjsoles.com\/ca\/wp-json\/wp\/v2\/pages"}],"about":[{"href":"https:\/\/transjsoles.com\/ca\/wp-json\/wp\/v2\/types\/page"}],"author":[{"embeddable":true,"href":"https:\/\/transjsoles.com\/ca\/wp-json\/wp\/v2\/users\/1"}],"replies":[{"embeddable":true,"href":"https:\/\/transjsoles.com\/ca\/wp-json\/wp\/v2\/comments?post=8"}],"version-history":[{"count":46,"href":"https:\/\/transjsoles.com\/ca\/wp-json\/wp\/v2\/pages\/8\/revisions"}],"predecessor-version":[{"id":415,"href":"https:\/\/transjsoles.com\/ca\/wp-json\/wp\/v2\/pages\/8\/revisions\/415"}],"wp:featuredmedia":[{"embeddable":true,"href":"https:\/\/transjsoles.com\/ca\/wp-json\/wp\/v2\/media\/180"}],"wp:attachment":[{"href":"https:\/\/transjsoles.com\/ca\/wp-json\/wp\/v2\/media?parent=8"}],"curies":[{"name":"wp","href":"https:\/\/api.w.org\/{rel}","templated":true}]}}