{"id":438,"date":"2023-08-14T10:02:44","date_gmt":"2023-08-14T10:02:44","guid":{"rendered":"https:\/\/transjsoles.com\/es\/?page_id=438"},"modified":"2023-08-14T10:02:57","modified_gmt":"2023-08-14T10:02:57","slug":"politica-de-cookies","status":"publish","type":"page","link":"https:\/\/transjsoles.com\/ca\/politica-de-cookies\/","title":{"rendered":"Pol\u00edtica de cookies"},"content":{"rendered":"<p>La presente pol\u00edtica de cookies tiene por finalidad informarle de manera clara y precisa sobre las cookies que se utilizan en la p\u00e1gina web del Ministerio del Interior.<\/p>\n<h5><strong>\u00bfQu\u00e9 son las cookies?<\/strong><\/h5>\n<p>Una cookie es un peque\u00f1o fragmento de texto que los sitios web que visita env\u00edan al navegador y que permite que el sitio web recuerde informaci\u00f3n sobre su visita, como su idioma preferido y otras opciones, con el fin de facilitar su pr\u00f3xima visita y hacer que el sitio le resulte m\u00e1s \u00fatil. Las cookies desempe\u00f1an un papel muy importante y contribuyen a tener una mejor experiencia de navegaci\u00f3n para el usuario.<\/p>\n<h5><strong>Tipos de cookies<\/strong><\/h5>\n<p>Seg\u00fan qui\u00e9n sea la entidad que gestione el dominio desde d\u00f3nde se env\u00edan las cookies y se traten los datos que se obtengan, se pueden distinguir dos tipos: cookies propias y cookies de terceros.<\/p>\n<p>Existe tambi\u00e9n una segunda clasificaci\u00f3n seg\u00fan el plazo de tiempo que permanecen almacenadas en el navegador del cliente, pudiendo tratarse de cookies de sesi\u00f3n o cookies persistentes.<\/p>\n<p>Por \u00faltimo, existe otra clasificaci\u00f3n con cinco tipos de cookies seg\u00fan la finalidad para la que se traten los datos obtenidos: cookies t\u00e9cnicas, cookies de personalizaci\u00f3n, cookies de an\u00e1lisis, cookies publicitarias y cookies de publicidad comportamental.<\/p>\n<p>Para m\u00e1s informaci\u00f3n a este respecto puede consultar la Gu\u00eda sobre el uso de las cookies de la Agencia Espa\u00f1ola de Protecci\u00f3n de Datos.<\/p>\n<h5><strong>Cookies utilizadas en la web<\/strong><\/h5>\n<p>A continuaci\u00f3n se identifican las cookies que est\u00e1n siendo utilizadas en este portal as\u00ed como su tipolog\u00eda y funci\u00f3n:<\/p>\n<p>La p\u00e1gina web del Ministerio del Interior utiliza Google Analytics, un servicio de anal\u00edtica web desarrollada por Google, que permite la medici\u00f3n y an\u00e1lisis de la navegaci\u00f3n en las p\u00e1ginas web. En su navegador podr\u00e1 observar cookies de este servicio. Seg\u00fan la tipolog\u00eda anterior se trata de cookies propias, de sesi\u00f3n y de an\u00e1lisis.<\/p>\n<p>A trav\u00e9s de la anal\u00edtica web se obtiene informaci\u00f3n relativa al n\u00famero de usuarios que acceden a la web, el n\u00famero de p\u00e1ginas vistas, la frecuencia y repetici\u00f3n de las visitas, su duraci\u00f3n, el navegador utilizado, el operador que presta el servicio, el idioma, el terminal que utiliza y la ciudad a la que est\u00e1 asignada su direcci\u00f3n IP. Informaci\u00f3n que posibilita un mejor y m\u00e1s apropiado servicio por parte de este portal.<\/p>\n<p>Para garantizar el anonimato, Google convertir\u00e1 su informaci\u00f3n en an\u00f3nima truncando la direcci\u00f3n IP antes de almacenarla, de forma que Google Analytics no se usa para localizar o recabar informaci\u00f3n personal identificable de los visitantes del sitio. Google solo podr\u00e1 enviar la informaci\u00f3n recabada por Google Analytics a terceros cuanto est\u00e9 legalmente obligado a ello. Con arreglo a las condiciones de prestaci\u00f3n del servicio de Google Analytics, Google no asociar\u00e1 su direcci\u00f3n IP a ning\u00fan otro dato conservado por Google.<\/p>\n<p>Otra de las cookies que se descargan es una cookie de tipo t\u00e9cnico denominada JSESSIONID. Esta cookie permite almacenar un identificador \u00fanico por sesi\u00f3n a trav\u00e9s del que es posible vincular datos necesarios para posibilitar la navegaci\u00f3n en curso.<\/p>\n<p>Por \u00faltimo, se descarga una cookie denominada cc_cookie, propia, de tipo t\u00e9cnico y de sesi\u00f3n. Gestiona el consentimiento del usuario para el uso de las cookies en la p\u00e1gina web, con el objeto de recordar aquellos usuarios que las han aceptado y aquellos que no, de modo que a los primeros no se les muestre informaci\u00f3n en la parte superior de la p\u00e1gina al respecto.<\/p>\n<p>&nbsp;<\/p>\n<table class=\"table table-striped\">\n<thead>\n<tr>\n<th>Cookies<\/th>\n<th>Tipo<\/th>\n<th>\u00a0Temporalidad<\/th>\n<th>Titularidad<\/th>\n<th>Finalidad<\/th>\n<th>Dominios<\/th>\n<\/tr>\n<\/thead>\n<tbody>\n<tr>\n<td><strong>Cookies de Google Analytics:<\/strong><\/p>\n<ul>\n<li>_ga<\/li>\n<li>_gat<\/li>\n<li>_gid<\/li>\n<li>Otras posibles cookies a cargar por el servicio de monitorizaci\u00f3n de visitas de Google\u00a0[1]<\/li>\n<\/ul>\n<\/td>\n<td><strong>Anal\u00edtica<\/strong><\/td>\n<td><strong>Permanente\/<br \/>\nTemporal<\/strong><\/td>\n<td><strong>Ajena<\/strong>.<br \/>\nCondiciones del<br \/>\nservicio:\u00a0[2]<\/td>\n<td>Se utilizan para generar un identificador de usuario \u00fanico, utilizado para hacer recuento de cu\u00e1ntas veces visita el sitio un usuario, as\u00ed como la fecha de la primera y la \u00faltima vez que visit\u00f3 la web. Registran la fecha y hora de acceso a cualquiera de las p\u00e1ginas del portal. Comprueban la necesidad de mantener la sesi\u00f3n de un usuario abierta o crear una nueva. Identifican la sesi\u00f3n del usuario, para recoger la ubicaci\u00f3n geogr\u00e1fica aproximada del ordenador que accede al portal.<\/td>\n<td>\n<ul>\n<li>transjsoles.com<\/li>\n<\/ul>\n<\/td>\n<\/tr>\n<tr>\n<td><strong>Cookies propias del aviso de \u00a0gesti\u00f3n de cookies:<\/strong><\/p>\n<ul>\n<li>cookie_consent_level<\/li>\n<\/ul>\n<\/td>\n<td><strong>T\u00e9cnica<\/strong><\/td>\n<td><strong>Temporal<\/strong><\/td>\n<td><strong>Propia<\/strong><\/td>\n<td>Se utilizan para el control de aparici\u00f3n y aceptaci\u00f3n del propio aviso de gesti\u00f3n de cookies.<\/td>\n<td>\n<ul>\n<li>transjsoles.com<\/li>\n<\/ul>\n<\/td>\n<\/tr>\n<tr>\n<td><strong>Cookies propias del aviso de\u00a0 aceptaci\u00f3n de cookies:<\/strong><\/p>\n<ul>\n<li>cookie_consent_user_accepted<\/li>\n<li>wordpress_test_cookie<\/li>\n<\/ul>\n<\/td>\n<td><strong>T\u00e9cnica<\/strong><\/td>\n<td><strong>Temporal<\/strong><\/td>\n<td><strong>Propia<\/strong><\/td>\n<td>Se utilizan para almacenar un identificador \u00fanico de sesi\u00f3n para el correcto funcionamiento del portal.<\/td>\n<td>\n<ul>\n<li>transjsoles.com<\/li>\n<\/ul>\n<\/td>\n<\/tr>\n<tr>\n<td><strong>Twitter<\/strong><\/p>\n<ul>\n<li>guest_id_marketing<\/li>\n<li>d_prefs<\/li>\n<li>gt<\/li>\n<li>guest_id_ads<\/li>\n<li>ct0<\/li>\n<li>personalization_id<\/li>\n<li>guest_id<\/li>\n<\/ul>\n<\/td>\n<td><strong>Social<\/strong><\/td>\n<td><strong>Temporal<\/strong><\/td>\n<td><strong>Ajena.<\/strong><br \/>\nCondiciones del servicio: [3]<\/td>\n<td>Cookie utilizada por el widget de visualizaci\u00f3n de tweets.<\/td>\n<td>\n<ul>\n<li><a href=\"https:\/\/platform.twitter.com\/\">https:\/\/platform.twitter.com<\/a><\/li>\n<li><a href=\"https:\/\/pre-www.interior.gob.es\/opencms\/es\/politica-de-cookies\/twitter.com\">twitter.com<\/a><\/li>\n<\/ul>\n<\/td>\n<\/tr>\n<tr>\n<td><strong>YouTube<\/strong><\/td>\n<td><strong>Social<\/strong><\/td>\n<td><strong>Temporal<\/strong><\/td>\n<td><strong>Ajena.<br \/>\n<\/strong>Condiciones del servicio: [4]<\/td>\n<td>Se utilizan para registrar las preferencias del reproductor de v\u00eddeo del usuario al ver v\u00eddeos incrustados de YouTube.<\/td>\n<td><\/td>\n<\/tr>\n<\/tbody>\n<\/table>\n<p>[1] \u2013 Uso de las cookies de Google Analytics en los sitios web:\u00a0<a href=\"https:\/\/developers.google.com\/analytics\/devguides\/collection\/analyticsjs\/cookie-usage?hl=es\">https:\/\/developers.google.com\/analytics\/devguides\/collection\/analyticsjs\/cookie-usage?hl=es<\/a><\/p>\n<p>[2] \u2013 Condiciones de privacidad de Google Analytics:\u00a0<a href=\"https:\/\/www.google.com\/policies\/privacy\/\">https:\/\/www.google.com\/policies\/privacy\/<\/a><\/p>\n<p>[3] \u2013 Condiciones de privacidad de Twitter:\u00a0<a href=\"https:\/\/twitter.com\/privacy\">https:\/\/twitter.com\/privacy\u00a0<\/a><\/p>\n<p>[4] \u2013 Condiciones de las cookies de Google y de YouTube:\u00a0<a title=\"(se abre en nueva ventana)\" href=\"http:\/\/www.google.com\/policies\/technologies\/types\/\" target=\"_blank\" rel=\"external noopener noreferrer\">http:\/\/www.google.com\/policies\/technologies\/types\/\u00a0<\/a><\/p>\n<p>&nbsp;<\/p>\n<h5><strong>Servicios de terceros<\/strong><\/h5>\n<p>Adicionalmente, el Ministerio del Interior tiene presencia en portales y servicios de terceros para los que, si se desea conocer las condiciones de privacidad y uso de cookies, deber\u00e1n consultarle las pol\u00edticas proporcionadas por los mismos:<\/p>\n<ul>\n<li><strong>Twitter<\/strong>:\u00a0<a href=\"https:\/\/twitter.com\/privacy\">https:\/\/twitter.com\/privacy<\/a><\/li>\n<li><strong>YouTube<\/strong>:\u00a0<a href=\"https:\/\/www.google.es\/intl\/es\/policies\/technologies\/cookies\/\">https:\/\/www.google.es\/intl\/es\/policies\/technologies\/cookies\/\u00a0<\/a><\/li>\n<\/ul>\n<h5><strong>Aceptaci\u00f3n de la pol\u00edtica de cookies<\/strong><\/h5>\n<p>El Ministerio del Interior muestra informaci\u00f3n sobre su Pol\u00edtica de cookies en la parte inferior de cualquier p\u00e1gina del portal con cada inicio de sesi\u00f3n con el objeto de que usted sea consciente.<br \/>\nAnte esta informaci\u00f3n es posible llevar a cabo las siguientes acciones:<\/p>\n<ul>\n<li><strong>Aceptar cookies<\/strong>. No se volver\u00e1 a visualizar este aviso al acceder a cualquier p\u00e1gina del portal durante la presente sesi\u00f3n.<\/li>\n<li><strong>Modificar la configuraci\u00f3n<\/strong>. Podr\u00e1 obtener m\u00e1s informaci\u00f3n sobre qu\u00e9 son las cookies, conocer la Pol\u00edtica de cookies del Ministerio del Interior y modificar la configuraci\u00f3n de su navegador para restringir o bloquear las cookies del Ministerio del Interior en cualquier momento. En el caso de restringir o bloquear las cookies puede ver reducidas las funcionalidades de la web.<\/li>\n<\/ul>\n<h5><strong>C\u00f3mo modificar la configuraci\u00f3n de las cookies<\/strong><\/h5>\n<ul>\n<li><strong>Gestionar cookies<\/strong>. Mediante el banner de opciones en la gesti\u00f3n de cookies se pueden seleccionar las cookies que se desean aceptar o rechazar.<\/li>\n<\/ul>\n<p><button id=\"open_preferences_center\" class=\"btn btn-info\" type=\"button\" data-cc=\"show-preferencesModal\" aria-haspopup=\"dialog\">Abrir gestor cookies<\/button><\/p>\n<p>Tambi\u00e9n es posible restringir, bloquear o borrar las cookies del Ministerio del Interioro cualquier otra p\u00e1gina web, utilizando su navegador. En cada navegador la operativa es diferente, la funci\u00f3n de &#8216;Ayuda&#8221; le mostrar\u00e1 c\u00f3mo hacerlo.<\/p>\n<ul>\n<li><strong>Microsoft Edge:\u00a0<\/strong><a href=\"https:\/\/support.microsoft.com\/es-es\/help\/4468242\/microsoft-edge-browsing-data-and-privacy-microsoft-privacy\">support.microsoft.com\/es-es\/help\/4468242\/microsoft-edge-browsing-data-and-privacy-microsoft-privacy<\/a><\/li>\n<li><strong>FireFox<\/strong>:\u00a0<a href=\"http:\/\/support.mozilla.org\/es\/kb\/Borrar%20cookies\">support.mozilla.org\/es\/kb\/Borrar%20cookies\u00a0<\/a><\/li>\n<li><strong>Chrome<\/strong>:\u00a0<a href=\"http:\/\/support.google.com\/chrome\/answer\/95647?hl=\">support.google.com\/chrome\/answer\/95647?hl=&#8221;es&#8221;<\/a><\/li>\n<li><strong>Safari<\/strong>:\u00a0<a href=\"http:\/\/www.apple.com\/es\/privacy\/use-of-cookies\/\">www.apple.com\/es\/privacy\/use-of-cookies\/<\/a><\/li>\n<\/ul>\n<p>Adem\u00e1s, tambi\u00e9n puede gestionar el almac\u00e9n de cookies en su navegador a trav\u00e9s de herramientas como las siguientes:<\/p>\n<ul>\n<li><strong>Ghostery<\/strong>:\u00a0<a href=\"http:\/\/www.ghostery.com\/\">www.ghostery.com\/<\/a><\/li>\n<li><strong>Your online choices<\/strong>:\u00a0<a href=\"http:\/\/www.youronlinechoices.com\/es\/\">www.youronlinechoices.com\/es\/<\/a><\/li>\n<\/ul>\n<p><\/p>","protected":false},"excerpt":{"rendered":"<p>La presente pol\u00edtica de cookies tiene por finalidad informarle de manera clara y precisa sobre las cookies que se utilizan en la p\u00e1gina web del Ministerio del Interior. \u00bfQu\u00e9 son las cookies? Una cookie es un peque\u00f1o fragmento de texto que los sitios web que visita env\u00edan al navegador y que permite que el sitio [&hellip;]<\/p>\n","protected":false},"author":1,"featured_media":0,"parent":0,"menu_order":1,"comment_status":"closed","ping_status":"closed","template":"page-legal.php","meta":{"inline_featured_image":false,"footnotes":""},"class_list":["post-438","page","type-page","status-publish","hentry"],"acf":[],"_links":{"self":[{"href":"https:\/\/transjsoles.com\/ca\/wp-json\/wp\/v2\/pages\/438","targetHints":{"allow":["GET"]}}],"collection":[{"href":"https:\/\/transjsoles.com\/ca\/wp-json\/wp\/v2\/pages"}],"about":[{"href":"https:\/\/transjsoles.com\/ca\/wp-json\/wp\/v2\/types\/page"}],"author":[{"embeddable":true,"href":"https:\/\/transjsoles.com\/ca\/wp-json\/wp\/v2\/users\/1"}],"replies":[{"embeddable":true,"href":"https:\/\/transjsoles.com\/ca\/wp-json\/wp\/v2\/comments?post=438"}],"version-history":[{"count":1,"href":"https:\/\/transjsoles.com\/ca\/wp-json\/wp\/v2\/pages\/438\/revisions"}],"predecessor-version":[{"id":439,"href":"https:\/\/transjsoles.com\/ca\/wp-json\/wp\/v2\/pages\/438\/revisions\/439"}],"wp:attachment":[{"href":"https:\/\/transjsoles.com\/ca\/wp-json\/wp\/v2\/media?parent=438"}],"curies":[{"name":"wp","href":"https:\/\/api.w.org\/{rel}","templated":true}]}}