{"id":39,"date":"2021-09-26T15:25:07","date_gmt":"2021-09-26T15:25:07","guid":{"rendered":"https:\/\/transjsoles.com\/?page_id=39"},"modified":"2022-09-26T23:22:46","modified_gmt":"2022-09-26T23:22:46","slug":"aviso-legal","status":"publish","type":"page","link":"https:\/\/transjsoles.com\/ca\/aviso-legal\/","title":{"rendered":"Nota legal"},"content":{"rendered":"<p><\/p>\n<p>Actualitzat el 20\/07\/2022<\/p>\n<p>Versi\u00f3: 1<\/p>\n<p>En compliment amb el deure d&#8217;informaci\u00f3 recollit a l&#8217;article 10 de la Llei 34\/2002, d&#8217;11 de Juliol, de Serveis de la Informaci\u00f3 i del Comer\u00e7 Electr\u00f2nic, l&#8217;informem que el lloc web i els portals d&#8217;Internet <u>https:\/\/transjsoles.com<\/u> (en endavant, el lloc &#8220;Web&#8221;) \u00e9s titularitat de <a name=\"_Hlk110616224\"><\/a> TRANSPORTS I GRUES J. SOL\u00c9S, S.L.U. (en endavant TRANSJSOLES), amb domicili social a <a name=\"_Hlk110789445\"><\/a> <a name=\"_Hlk110881488\"><\/a> Pol\u00edgon Industrial VII-Carrer Les Alzines, 6 de 17111 VULPELLAC (Girona) amb CIF n\u00ba B17229683.<a name=\"_Hlk46824720\"><\/a><\/p>\n<p>Inscrita en el Registre Mercantil de Girona, al tom 400, foli 151, secci\u00f3 8, fulla GI 7817, inscripci\u00f3 6\u00aa.<\/p>\n<p>&nbsp;<\/p>\n<h3><strong>Comunicacions<\/strong><\/h3>\n<p><a name=\"_Hlk110789514\"><\/a>Tel\u00e8fon: +34 972 642 812<\/p>\n<p>e-mail: <a name=\"_Hlk110616351\"><\/a><u>info@transjsoles.com<\/u><\/p>\n<p>El present av\u00eds legal regula les condicions d&#8217;\u00fas del citat portal d&#8217;Internet.<\/p>\n<p>&nbsp;<\/p>\n<h3><strong>Llei aplicable i jurisdicci\u00f3<\/strong><\/h3>\n<p>Amb car\u00e0cter general les relacions entre TRANSJSOLES i els usuaris dels serveis telem\u00e0tics, presents a la Web, es troben sotmeses a la legislaci\u00f3 i jurisdicci\u00f3 espanyoles.<\/p>\n<p>Les parts renuncien expressament al fur que els pugui correspondre i sotmeten expressament als Jutjats i Tribunals de La Bisbal d\u2019Empord\u00e0 (Girona) per resoldre qualsevol controv\u00e8rsia que pugui sorgir en la interpretaci\u00f3 o execuci\u00f3 de les presents condicions contractuals.<\/p>\n<p>&nbsp;<\/p>\n<h3><strong>Acceptaci\u00f3 de l&#8217;usuari<\/strong><\/h3>\n<p>Aquest Av\u00eds Legal regula l&#8217;acc\u00e9s i utilitzaci\u00f3 del lloc web que TRANSJSOLES posa a la disposici\u00f3 dels usuaris d&#8217;Internet. Es considera usuari a la persona que accedeixi, navegui, utilitzi o participi en els serveis i activitats del lloc web.<\/p>\n<p>L&#8217;usuari queda informat, i accepta, que l&#8217;acc\u00e9s al present lloc web no suposa, de cap manera, l&#8217;inici d&#8217;una relaci\u00f3 comercial amb TRANSJSOLES.<\/p>\n<p>L&#8217;acc\u00e9s i navegaci\u00f3 pel lloc web per part de l&#8217;usuari suposa l&#8217;acceptaci\u00f3 de la totalitat de les presents Condicions d&#8217;\u00das. En cas de desacord amb les condicions ha d&#8217;abstenir-se de usar el lloc web.<\/p>\n<p>&nbsp;<\/p>\n<h3><strong>Acc\u00e9s al lloc web<\/strong><\/h3>\n<p>L&#8217;acc\u00e9s al lloc web per part dels usuaris \u00e9s de car\u00e0cter lliure i gratu\u00eft. Alguns serveis poden trobar-se subjectes a contractaci\u00f3 pr\u00e8via del servei.<\/p>\n<p>En cas de ser necessari que l&#8217;usuari aporti dades personals per accedir a algun dels serveis, la recollida i el tractament de les dades es realitzar\u00e0 de conformitat amb la normativa vigent, en concret amb el RGPD. Per m\u00e9s informaci\u00f3, consulti la nostra pol\u00edtica de privacitat <u>https:\/\/transjsoles.com\/politica-privacitat<\/u>.<\/p>\n<p>&nbsp;<\/p>\n<h3><strong>Contingut i \u00fas<\/strong><\/h3>\n<p>La visita al lloc web per part de l&#8217;usuari haur\u00e0 de fer-se de forma responsable i de conformitat a la legalitat vigent, la bona fe, el present Av\u00eds Legal i respectant els drets de propietat intel\u00b7lectual i industrial de titularitat de TRANSJSOLES o qualsevol altres persones f\u00edsiques o jur\u00eddiques.<\/p>\n<p>L&#8217;\u00fas de qualsevol dels continguts del lloc web amb finalitats que siguin o poguessin ser il\u00b7l\u00edcites queda totalment prohibit, aix\u00ed com la realitzaci\u00f3 de qualsevol acci\u00f3 que causi o pugui causar danys o alteracions de <a name=\"page2\"><\/a>qualsevol mena no consentides per TRANSJSOLES, al lloc web o als seus continguts.<\/p>\n<p>El titular del lloc web no s&#8217;identifica amb les opinions abocades en el mateix pels seus col\u00b7laboradors. L&#8217;empresa es reserva el dret a efectuar sense previ av\u00eds les modificacions que consideri oportunes en la seva Web, podent canviar, suprimir o afegir tant els continguts i serveis que es presten a trav\u00e9s de la mateixa com la forma en la qual aquests apareguin presentats o localitzats en els seus servidors.<\/p>\n<p>Queda terminantment prohibit l&#8217;\u00fas de qualsevol dels continguts del lloc web amb fins il\u00b7l\u00edcits, aix\u00ed com realitzar qualsevol actuaci\u00f3 que causi o pugui ocasionar danys o alteracions de qualsevol tipus no consentit a per TRANSJSOLES, el lloc web o els seus continguts.<\/p>\n<p>&nbsp;<\/p>\n<h3><strong>Propietat intel\u00b7lectual i industrial<\/strong><\/h3>\n<p>Els drets de propietat intel\u00b7lectual del contingut de les p\u00e0gines del lloc web, el seu disseny gr\u00e0fic i codis s\u00f3n titularitat de TRANSJSOLES i, per tant, queda prohibida la seva reproducci\u00f3, distribuci\u00f3, comunicaci\u00f3 p\u00fablica, transformaci\u00f3 o qualsevol altra activitat que es realitzi amb els continguts del lloc web, encara que es citin les fonts, excepte que es compti amb el consentiment previ, expr\u00e9s i per escrit de TRANSJSOLES. Tots els noms comercials, marques o signes distintius de qualsevol classe continguts en les p\u00e0gines web de l&#8217;empresa s\u00f3n propietat dels seus propietaris i estan protegits per llei.<\/p>\n<p>TRANSJSOLES no concedeix cap llic\u00e8ncia o autoritzaci\u00f3 d&#8217;\u00fas de cap classe sobre els seus drets de propietat intel\u00b7lectual i industrial o sobre qualsevol altra propietat o dret relacionat amb el lloc web, i en cap cas s&#8217;entendr\u00e0 que l&#8217;acc\u00e9s i navegaci\u00f3 dels usuaris implica una ren\u00fancia, transmissi\u00f3, llic\u00e8ncia o cessi\u00f3 total ni parcial d&#8217;aquests drets per part de TRANSJSOLES.<\/p>\n<p>Qualsevol \u00fas d&#8217;aquests continguts no autoritzats pr\u00e8viament per part de TRANSJSOLES ser\u00e0 considerat un incompliment greu dels drets de propietat intel\u00b7lectual o industrial i donar\u00e0 lloc a les responsabilitats legalment establertes. TRANSJSOLES es reserva el dret d&#8217;exercitar enfront l&#8217;usuari les accions judicials i extrajudicials que corresponguin.<\/p>\n<p>&nbsp;<\/p>\n<h3><strong>Responsabilitat i garanties<\/strong><\/h3>\n<p>TRANSJSOLES declara que ha adoptat les mesures necess\u00e0ries que, dins de les seves possibilitats i l&#8217;estat de la tecnologia, permeten el correcte funcionament del seu lloc web aix\u00ed com l&#8217;abs\u00e8ncia de virus i components nocius. No obstant aix\u00f2, TRANSJSOLES no pot fer-se responsable de les seg\u00fcents situacions que s&#8217;enumeren a t\u00edtol enunciatiu, per\u00f2 no limitatiu:<\/p>\n<ul type=\"disc\">\n<li>La continu\u00eftat i disponibilitat dels Continguts.<\/li>\n<li>L&#8217;abs\u00e8ncia d&#8217;errors en els Continguts ni la correcci\u00f3 de qualsevol defecte que pogu\u00e9s oc\u00f3rrer.<\/li>\n<li>L&#8217;abs\u00e8ncia de virus i\/o altres components nocius.<\/li>\n<li>Els danys o perjudicis que causi qualsevol persona que vulneri els sistemes de seguretat de TRANSJSOLES.<\/li>\n<li>L&#8217;\u00fas que els usuaris puguin fer dels continguts inclosos en el web. En conseq\u00fc\u00e8ncia, TRANSJSOLES no garanteix que l&#8217;\u00fas que els usuaris puguin fer dels continguts que en el seu cas s&#8217;incloguin en el lloc web s&#8217;ajustin al present av\u00eds legal ni que l&#8217;\u00fas del lloc web es realitzi de forma diligent.<\/li>\n<li>L&#8217;\u00fas per menors d&#8217;edat del lloc web o de l&#8217;enviament de les seves dades personals sense el perm\u00eds dels seus tutors, sent els tutors responsables de l&#8217;\u00fas que facin d&#8217;Internet.<a name=\"page3\"><\/a> Els continguts als quals l&#8217;usuari pugui accedir a trav\u00e9s d&#8217;enlla\u00e7os no autoritzats o introdu\u00efts per usuaris mitjan\u00e7ant comentaris o eines similars.<\/li>\n<li>La introducci\u00f3 de dades err\u00f2nies per part de l&#8217;usuari o d&#8217;un tercer.<\/li>\n<\/ul>\n<p>TRANSJSOLES podr\u00e0 suspendre temporalment i sense previ av\u00eds, l&#8217;accessibilitat al lloc web amb motiu d&#8217;operacions de manteniment, reparaci\u00f3, actualitzaci\u00f3 o millora. No obstant aix\u00f2, sempre que les circumst\u00e0ncies ho permetin, TRANSJSOLES comunicar\u00e0 a l&#8217;usuari, amb antelaci\u00f3 suficient, la data prevista per la suspensi\u00f3 dels continguts.<\/p>\n<p>Igualment, de conformitat amb els arts. 11 i 16 de la Llei 34\/2002, d&#8217;11 de juliol, de serveis de la societat de la informaci\u00f3 i de comer\u00e7 electr\u00f2nic, TRANSJSOLES es compromet a l&#8217;eliminaci\u00f3 o, en el seu cas, el bloqueig dels continguts que poguessin afectar o ser contraris a la legislaci\u00f3 vigent, els drets de tercers o la moral i ordre p\u00fablic.<\/p>\n<p>&nbsp;<\/p>\n<h3><strong>Cookies<\/strong><\/h3>\n<p>TRANSJSOLES utilitza cookies, a l&#8217;efecte d&#8217;optimitzar i personalitzar la seva navegaci\u00f3 pel lloc web. Les cookies s\u00f3n fitxers f\u00edsics d&#8217;informaci\u00f3 que s&#8217;allotgen en el mateix terminal de l&#8217;usuari, la informaci\u00f3 recollida mitjan\u00e7ant les cookies serveix per facilitar la navegaci\u00f3 de l&#8217;usuari pel portal i optimitzar l&#8217;experi\u00e8ncia de navegaci\u00f3. Les dades recopilades mitjan\u00e7ant les cookies poden ser compartides amb els creadors d&#8217;aquestes, per\u00f2 en cap cas la informaci\u00f3 obtinguda per les mateixes ser\u00e0 associada a dades personals ni a dades que poden identificar a l&#8217;usuari.<\/p>\n<p>No obstant aix\u00f2, si l&#8217;usuari no desitja que s&#8217;instal\u00b7lin cookies en el seu disc dur, t\u00e9 la possibilitat de configurar el navegador de tal manera que impedeixi la instal\u00b7laci\u00f3 d&#8217;aquests arxius. Per obtenir m\u00e9s informaci\u00f3 consulti la nostra Pol\u00edtica de Cookies <u>https:\/\/transjsoles.com\/politica-cookies<\/u>.<\/p>\n<p>&nbsp;<\/p>\n<h3><strong>Enlla\u00e7os (links)<\/strong><\/h3>\n<p>La pres\u00e8ncia d&#8217;enlla\u00e7os (links) al lloc web de TRANSJSOLES cap a altres llocs d&#8217;Internet t\u00e9 finalitat merament informativa i en cap cas suposen suggeriment, invitaci\u00f3 o recomanaci\u00f3 sobre aquests. TRANSJSOLES no assumir\u00e0 responsabilitat pels continguts d&#8217;un enlla\u00e7 pertanyent a un lloc web ali\u00e8, ni garantir\u00e0 la fiabilitat, exactitud, amplitud, veracitat, validesa i disponibilitat t\u00e8cnica.<\/p>\n<p>En el cas de que a altres llocs webs s&#8217;estableixin enlla\u00e7os a el lloc web de TRANSJSOLES, no s&#8217;entendr\u00e0 que TRANSJSOLES ha autoritzat l&#8217;enlla\u00e7 o el contingut del lloc web en el que es cont\u00e9 l&#8217;enlla\u00e7, tampoc es podr\u00e0 incloure a el lloc de l&#8217;enlla\u00e7 continguts inapropiats, difamatoris, il\u00b7legals, obscens o il\u00b7l\u00edcits, ni altres continguts que siguin contraris a la legalitat vigent.<\/p>\n<p>TRANSJSOLES es reserva la possibilitat de contactar amb el propietari del lloc web en el qual s&#8217;estableixi l&#8217;enlla\u00e7 si considera que s&#8217;incompleix la normativa, aix\u00ed com d&#8217;exercitar les corresponents accions judicials i extrajudicials.<\/p>\n<p>&nbsp;<\/p>\n<h3><strong>Modificaci\u00f3 de les condicions<\/strong><\/h3>\n<p>TRANSJSOLES es reserva expressament el dret a modi car unilateralment, total o parcialment, sense necessitat de previ av\u00eds, el present Av\u00eds Legal. L&#8217;usuari reconeix i accepta que \u00e9s responsabilitat seva revisar peri\u00f2dicament el present Av\u00eds Legal.<a name=\"page4\"><\/a><\/p>\n<p><\/p>","protected":false},"excerpt":{"rendered":"<p>Actualitzat el 20\/07\/2022 Versi\u00f3: 1 En compliment amb el deure d&#8217;informaci\u00f3 recollit a l&#8217;article 10 de la Llei 34\/2002, d&#8217;11 de Juliol, de Serveis de la Informaci\u00f3 i del Comer\u00e7 Electr\u00f2nic, l&#8217;informem que el lloc web i els portals d&#8217;Internet https:\/\/transjsoles.com (en endavant, el lloc &#8220;Web&#8221;) \u00e9s titularitat de TRANSPORTS I GRUES J. SOL\u00c9S, S.L.U. [&hellip;]<\/p>\n","protected":false},"author":1,"featured_media":0,"parent":0,"menu_order":7,"comment_status":"closed","ping_status":"closed","template":"","meta":{"inline_featured_image":false,"footnotes":""},"class_list":["post-39","page","type-page","status-publish","hentry"],"acf":[],"_links":{"self":[{"href":"https:\/\/transjsoles.com\/ca\/wp-json\/wp\/v2\/pages\/39","targetHints":{"allow":["GET"]}}],"collection":[{"href":"https:\/\/transjsoles.com\/ca\/wp-json\/wp\/v2\/pages"}],"about":[{"href":"https:\/\/transjsoles.com\/ca\/wp-json\/wp\/v2\/types\/page"}],"author":[{"embeddable":true,"href":"https:\/\/transjsoles.com\/ca\/wp-json\/wp\/v2\/users\/1"}],"replies":[{"embeddable":true,"href":"https:\/\/transjsoles.com\/ca\/wp-json\/wp\/v2\/comments?post=39"}],"version-history":[{"count":11,"href":"https:\/\/transjsoles.com\/ca\/wp-json\/wp\/v2\/pages\/39\/revisions"}],"predecessor-version":[{"id":376,"href":"https:\/\/transjsoles.com\/ca\/wp-json\/wp\/v2\/pages\/39\/revisions\/376"}],"wp:attachment":[{"href":"https:\/\/transjsoles.com\/ca\/wp-json\/wp\/v2\/media?parent=39"}],"curies":[{"name":"wp","href":"https:\/\/api.w.org\/{rel}","templated":true}]}}