{"id":3,"date":"2021-09-19T21:36:25","date_gmt":"2021-09-19T21:36:25","guid":{"rendered":"https:\/\/transjsoles.com\/?page_id=3"},"modified":"2022-09-26T23:37:18","modified_gmt":"2022-09-26T23:37:18","slug":"politica-privacidad","status":"publish","type":"page","link":"https:\/\/transjsoles.com\/ca\/politica-privacidad\/","title":{"rendered":"Pol\u00edtica de privacitat"},"content":{"rendered":"<p><\/p>\n<p>Actualitzat el 20\/07\/2022<\/p>\n<p>Versi\u00f3: 1<\/p>\n<table style=\"border: #CCC;\" border=\"1\" width=\"100%\" cellspacing=\"0\" cellpadding=\"10\">\n<tbody>\n<tr>\n<td valign=\"top\" width=\"144\">\u00a0<\/td>\n<td valign=\"top\" width=\"465\">\n<h2>Informaci\u00f3 b\u00e0sica sobre Protecci\u00f3 de Dades<\/h2>\n<\/td>\n<\/tr>\n<tr>\n<td valign=\"top\" width=\"144\">\n<p><strong>Responsable<\/strong><\/p>\n<\/td>\n<td valign=\"top\" width=\"465\">\n<p>TRANSPORTS I GRUES J. SOL\u00c9S, S.L.U. (en endavant TRANSJSOLES)<\/p>\n<\/td>\n<\/tr>\n<tr>\n<td valign=\"top\" width=\"144\">\n<p><strong>Finalitat<\/strong><\/p>\n<\/td>\n<td valign=\"top\" width=\"465\">\n<p>Prestaci\u00f3 de serveis online<\/p>\n<p>Gesti\u00f3 de usuaris web<\/p>\n<p>Comunicacions comercials relacionades amb els nostres serveis.<\/p>\n<p>Gestionar dades aportades pels candidats a proc\u00e9s de selecci\u00f3 de personal.<\/p>\n<\/td>\n<\/tr>\n<tr>\n<td valign=\"top\" width=\"144\">\n<p><strong>Legitimaci\u00f3<\/strong><\/p>\n<\/td>\n<td valign=\"top\" width=\"465\">\n<p>Consentiment expr\u00e9s, execuci\u00f3 de contracte i inter\u00e8s leg\u00edtim<\/p>\n<\/td>\n<\/tr>\n<tr>\n<td valign=\"top\" width=\"144\">\n<p><strong>Destinataris<\/strong><\/p>\n<\/td>\n<td valign=\"top\" width=\"465\">\n<p>No es cedeixen dades a tercers, excepte:<\/p>\n<ul>\n<li>a les empreses actuals o futures del GRUP TRANSJSOLES.<\/li>\n<li>per obligaci\u00f3 legal.<\/li>\n<li>a empreses especialitzades en selecci\u00f3 de personal i an\u00e0lisis de perfils pels candidats a un lloc de treball.<\/li>\n<\/ul>\n<\/td>\n<\/tr>\n<tr>\n<td valign=\"top\" width=\"144\">\n<p><strong>Drets<\/strong><\/p>\n<\/td>\n<td valign=\"top\" width=\"465\">\n<p>Accedir, rectificar i suprimir les dades, aix\u00ed com altres drets, com s\u2019explica a la informaci\u00f3 addicional.<\/p>\n<\/td>\n<\/tr>\n<tr>\n<td valign=\"top\" width=\"144\">\n<p><strong>Informaci\u00f3 addicional<\/strong><\/p>\n<\/td>\n<td valign=\"top\" width=\"465\">\n<p>Pot consultar la informaci\u00f3 addicional i detallada sobre Protecci\u00f3 de Dades a les Cl\u00e0usules annexes que es troben a <u> <a href=\"https:\/\/transjsoles.com\/politica-privacitat\"> https:\/\/transjsoles.com\/politica-privacitat <\/a> <\/u><\/p>\n<\/td>\n<\/tr>\n<\/tbody>\n<\/table>\n<p>A TRANSPORTS I GRUES J. SOL\u00c9S, S.L.U. (en endavant TRANSJSOLES) treballem per oferir-li a trav\u00e9s dels nostres productes i serveis la millor experi\u00e8ncia possible. En alguns casos, \u00e9s necessari recavar la informaci\u00f3 per a aconseguir-ho. Ens importa la seva privacitat i creiem que hem de ser transparents al respecte.<\/p>\n<p>Per aix\u00f2, i a efectes del previst al Reglament (UE) 2016\/679 del Parlament Europeu i del Consell de 27 d&#8217;abril de 2016 (en endavant, &#8220;RGPD&#8221;) relatiu a la protecci\u00f3 de les persones f\u00edsiques en el que respecta al tractament de dades personals i a la lliure circulaci\u00f3 d&#8217;aquestes dades, i la LLEI 34\/2002, d&#8217;11 de juliol, de Serveis de la Societat de la Informaci\u00f3 i de Comer\u00e7 Electr\u00f2nic (en endavant, &#8220;LSSI&#8221;, TRANSJSOLES informa a l&#8217;usuari que, com responsable del tractament, incorporar\u00e0 les dades de car\u00e0cter personal facilitades pels usuaris en un fitxer automatitzat.<\/p>\n<p>El nostre comprom\u00eds comen\u00e7a per explicar-li el seg\u00fcent:<\/p>\n<p>\u00b7 Es recullen les seves dades perqu\u00e8 l&#8217;experi\u00e8ncia d&#8217;usuari millori, atenent els seus interessos i necessitats.<\/p>\n<p>\u00b7 Som transparents amb relaci\u00f3 a les dades que obtenim sobre vost\u00e8 i la ra\u00f3 per la que ho fem.<\/p>\n<p>\u00b7 La nostra intenci\u00f3 \u00e9s oferir-li la millor experi\u00e8ncia possible. Per aix\u00f2, quan utilitzem la seva informaci\u00f3 personal ho farem sempre complint la normativa, i quan sigui necessari, sol\u00b7licitarem el seu consentiment.<\/p>\n<p>\u00b7 Entenem que les seves dades li pertanyen. Per tant, si decideix no autoritzar-nos a processar-les pot sol\u00b7licitar que deixem de tractar-les.<\/p>\n<p>\u00b7 La nostra prioritat consisteix a garantir la seva seguretat i tractar les seves dades d&#8217;acord amb la normativa europea.<\/p>\n<p>Si desitges obtenir m\u00e9s informaci\u00f3 sobre el tractament de les seves dades, consulti els diferents apartats de<a name=\"page2\"><\/a> la pol\u00edtica de privacitat que es troben a continuaci\u00f3:<\/p>\n<p>&nbsp;<\/p>\n<h3><strong>Qui \u00e9s el responsable del tractament de les seves dades personals? <\/strong><\/h3>\n<p>Denominaci\u00f3 social: TRANSPORTS I GRUES J. SOL\u00c9S, S.L.U.<\/p>\n<p>Denominaci\u00f3 comercial: TRANSJSOLES<\/p>\n<p>Domicili social: <a name=\"_Hlk110881488\"><\/a> Pol\u00edgon Industrial VII-Carrer Les Alzines, 6 de 17111 VULPELLAC (Girona)<\/p>\n<p>C.I.F.: <a name=\"_Hlk110791052\"><\/a><a name=\"_Hlk110883599\"><\/a>B17229683.<\/p>\n<p>e-mail: <a href=\"mailto:info@grupros.com\">info@transjsoles.com<\/a><\/p>\n<p>TRANSJSOLES ha designat una persona de contacte interna com a coordinador de l\u2019adaptaci\u00f3 dins de la seva organitzaci\u00f3. Si vol fer una consulta amb relaci\u00f3 al tractament de les seves dades personals, pots posar-se en contacte amb ell mitjan\u00e7ant el correu <a href=\"mailto:info@garibaldi.es\">info@transjsoles.com<\/a>.<\/p>\n<p>&nbsp;<\/p>\n<h3><strong>Q<\/strong><strong>uines dades personals recopilem?<\/strong><\/h3>\n<p>Les dades personals que l&#8217;usuari pot arribar a proporcionar:<\/p>\n<ul>\n<li>Nom, direcci\u00f3 i data de naixement.<\/li>\n<li>N\u00famero de tel\u00e8fon i adre\u00e7a de correu electr\u00f2nic.<\/li>\n<li>Ubicaci\u00f3.<\/li>\n<li>Informaci\u00f3 relativa a pagaments i devolucions.<\/li>\n<\/ul>\n<p>\u00b7 Adre\u00e7a IP, data i hora en la que ha accedit als nostres serveis, navegador d&#8217;internet que utilitzi i dades sobre el sistema operatiu del dispositiu.<\/p>\n<p>\u00b7 Les dades de Curr\u00edculum Vitae (CV) dels candidats a un lloc de treball.<\/p>\n<p>\u00b7 Qualsevol altra informaci\u00f3 o dades que decideixi compartir amb nosaltres.<\/p>\n<p>En alguns casos, \u00e9s obligat\u00f2ria la complementaci\u00f3 del formulari de registre per accedir i gaudir de determinats serveis oferts a la web; aix\u00ed mateix, no facilitar les dades personals sol\u00b7licitades o el no acceptar la present pol\u00edtica de protecci\u00f3 de dades suposa la impossibilitat de subscriure&#8217;s, registrar-se o participar en qualsevol de les promocions en les que es sol\u00b7licitin dades de car\u00e0cter personal.<\/p>\n<p>&nbsp;<\/p>\n<h3><strong>P<\/strong><strong>erqu\u00e8 i per a que tractem les seves dades?<\/strong><\/h3>\n<p>A TRANSJSOLES tractem la informaci\u00f3 que ens faciliten les persones interessades amb les seg\u00fcents<\/p>\n<p>finalitats:<\/p>\n<p>\u00b7 Gestionar comandes o contractar algun dels nostres serveis, a qualsevol dels nostres centres logistics.<\/p>\n<p>\u00b7 Gestionar l&#8217;enviament de la informaci\u00f3 que ens sol\u00b7licitin.<\/p>\n<p>\u00b7 Gestionar les dades aportades pels candidats a un lloc de treball per mitj\u00e0 del seu Curr\u00edculum Vitae (CV) amb l\u2019\u00fanica finalitat de portar a terme el proc\u00e9s de selecci\u00f3 de personal.<\/p>\n<p>\u00b7 Desenvolupar accions comercials i realitzar el manteniment i gesti\u00f3 de la relaci\u00f3 amb l&#8217;usuari, aix\u00ed com la gesti\u00f3 dels serveis oferts a trav\u00e9s del lloc web i les tasques d&#8217;informaci\u00f3, podent realitzar valoracions autom\u00e0tiques, obtenci\u00f3 de perfils i tasques de segmentaci\u00f3 dels clients amb l&#8217;objecte de personalitzar el tractament conforme a les seves caracter\u00edstiques i necessitats i millor l&#8217;experi\u00e8ncia en l\u00ednia del client.<\/p>\n<p>\u00b7 Desenvolupar i gestionar els concursos, sortejos o altres activitats promocionals que es puguin organitzar.<\/p>\n<p>\u00b7 En alguns casos ser\u00e0 necessari facilitar informaci\u00f3 a les Autoritats o terceres empreses per motius d&#8217;auditoria, aix\u00ed com manejar dades personals de factures, contractes i documents per respondre a reclamacions de clients o de les Administracions P\u00fabliques.<a name=\"page3\"><\/a><\/p>\n<p>Informem que les dades personals que s&#8217;obtinguin com a conseq\u00fc\u00e8ncia del seu registre com a usuari formaran part del Registre d&#8217;Activitats i operacions de Tractament (RAT), que s&#8217;actualitzar\u00e0 peri\u00f2dicament d&#8217;acord amb l&#8217;establert al RGPD.<\/p>\n<p>&nbsp;<\/p>\n<h3><strong>Quina \u00e9s la legitimaci\u00f3 pel tractament de les seves dades?<\/strong><\/h3>\n<p>El tractament de les seves dades pot fonamentar-se en les seg\u00fcents bases legals:<\/p>\n<p>\u00b7 Consentiment de l&#8217;interessat pels formularis de contacte, les sol\u00b7licituds d&#8217;informaci\u00f3 o alta a newsletters.<\/p>\n<p>\u00b7 Execuci\u00f3 de contracte per a la contractaci\u00f3 de serveis i productes o la contractaci\u00f3 de personal en l\u2019\u00e0mbit laboral.<\/p>\n<p>\u00b7 Inter\u00e8s leg\u00edtim pel tractament de dades dels nostres clients en accions de m\u00e0rqueting directe i consentiment expr\u00e9s de l&#8217;interessat per tot el relatiu a les valoracions autom\u00e0tiques i elaboraci\u00f3 de perfils.<\/p>\n<p>\u00b7 Compliment d&#8217;obligacions legals per prevenci\u00f3 del frau, comunicaci\u00f3 amb Autoritats p\u00fabliques i reclamacions de tercers.<\/p>\n<p>&nbsp;<\/p>\n<h3><strong>Quant temps conservem les seves dades?<\/strong><\/h3>\n<p>El tractament de les dades amb les finalitats descrites es mantindr\u00e0 durant el temps necessari per complir amb la finalitat de la seva recollida (per exemple, mentre duri la relaci\u00f3 comercial), aix\u00ed com pel compliment de les obligacions legals que es derivin del tractament de les dades.<\/p>\n<p>El temps de conservaci\u00f3 dels CV dels candidats a proc\u00e9s de selecci\u00f3 de personal, no seleccionats, ser\u00e0 d\u2019un any des de la recepci\u00f3 del mateix.<\/p>\n<p>&nbsp;<\/p>\n<h3><strong>A quins destinataris es comuniquen les seves dades?<\/strong><\/h3>\n<p>En alguns casos, nom\u00e9s quan sigui necessari, TRANSJSOLES proporcionar\u00e0 dades dels usuaris a tercers. No obstant aix\u00f2, mai es vendran les dades a tercers. Els prove\u00efdors de serveis externs (per exemple, prove\u00efdors de pagament o empreses de repartiment amb els que TRANSJSOLES treballi poden utilitzar les dades per proporcionar els serveis corresponents, sens perjudici d&#8217;aix\u00f2, no utilitzaran la informaci\u00f3 per finalitats pr\u00f2pies o per cessi\u00f3 a tercers.<\/p>\n<p>TRANSJSOLES procura garantir la seguretat de les dades personals quan s&#8217;envien fora de l&#8217;empresa i s&#8217;assegura que els tercers prove\u00efdors del servei respecten la confidencialitat i compten amb les mesures adequades per protegir les dades personals. Aquests tercers tenen l&#8217;obligaci\u00f3 de garantir que la informaci\u00f3 es tracta conforme amb la normativa de privacitat de dades.<\/p>\n<p>En alguns casos, la llei pot exigir que es revelin dades personals a organismes p\u00fablics o altres parts, nom\u00e9s es revelar\u00e0 el estrictament necessari per al compliment d&#8217;aquestes obligacions legals.<\/p>\n<p>Les dades personals obtingudes tamb\u00e9 podran ser compartides amb altres empreses del grup.<\/p>\n<p><a name=\"_Hlk48754001\"><\/a> Les dades dels curr\u00edculums vitae (CV) dels candidats a un lloc de treball podran ser compartides amb empreses especialitzades en processos de selecci\u00f3 de personal i an\u00e0lisis de perfils.<\/p>\n<p>&nbsp;<\/p>\n<h3><strong>On s&#8217;emmagatzemen les teves dades?<\/strong><\/h3>\n<p>Amb car\u00e0cter general, les dades s&#8217;emmagatzemen dins de la UE. Les dades que s&#8217;envien a tercers que no pertanyen a la UE, ens assegurarem que ofereixin un nivell de protecci\u00f3 suficient, ja sigui perqu\u00e8 compten amb Normes Corporatives Vinculants (BCR) o perqu\u00e8 s&#8217;hagin adherit al \u201cPrivacy Shield\u201d o a l\u2019acord que sigui vigent en cada moment.<\/p>\n<p>&nbsp;<\/p>\n<h3><strong>Quins drets l&#8217;assisteixen i com pot exercir-los?<a name=\"page4\"><\/a> <\/strong><\/h3>\n<p>Pot dirigir les seves comunicacions i exercir els seus drets mitjan\u00e7ant una petici\u00f3 en el seg\u00fcent correu electr\u00f2nic: <a href=\"mailto:info@garibaldi.es\">info@transjsoles.com<\/a>.<\/p>\n<p>En virtut del que estableix el RGPD pot sol\u00b7licitar:<\/p>\n<p>\u00b7 Dret d&#8217;acc\u00e9s: pot demanar informaci\u00f3 d&#8217;aquelles dades personals que disposem sobre vost\u00e8.<\/p>\n<p>\u00b7 Dret de rectificaci\u00f3: pot comunicar qualsevol canvi en les seves dades personals.<\/p>\n<p>\u00b7 Dret de supressi\u00f3 i a l&#8217;oblit: pot sol\u00b7licitar l&#8217;eliminaci\u00f3 previ bloqueig de les dades personals.<\/p>\n<p>\u00b7 Dret de limitaci\u00f3 al tractament: suposa la restricci\u00f3 del tractament de les dades personals.<\/p>\n<p>\u00b7 Dret d&#8217;oposici\u00f3: pot retirar el consentiment del tractament de les dades, oposant-se al fet que se segueixin tractant.<\/p>\n<p>\u00b7 Dret a la portabilitat: en alguns casos, pot demanar una c\u00f2pia de les dades personals en un format estructurat, d&#8217;\u00fas com\u00fa i lectura mec\u00e0nica per la seva transmissi\u00f3 a un altre responsable.<\/p>\n<p>\u00b7 Dret a no ser objecte de decisions individualitzades: pot sol\u00b7licitar que no es prenguin decisions que es basin \u00fanicament en el tractament automatitzant, incloent-hi l&#8217;elaboraci\u00f3 de perfils, que produeixi efectes jur\u00eddics o afecti significativament a l&#8217;interessat.<\/p>\n<p>En alguns casos, es podr\u00e0 rebutjar la sol\u00b7licitud si sol\u00b7licita que s&#8217;eliminin dades necess\u00e0ries per al compliment d&#8217;obligacions legals.<\/p>\n<p>Aix\u00ed mateix, si ten alguna queixa sobre el tractament de les dades pot presentar una reclamaci\u00f3 davant l&#8217;autoritat de protecci\u00f3 de dades.<\/p>\n<p>&nbsp;<\/p>\n<h3><strong>Qui \u00e9s el responsable de l\u2019exactitud i veracitat de les dades facilitades? <\/strong><\/h3>\n<p>L&#8217;usuari \u00e9s l&#8217;\u00fanic responsable de la veracitat i correcci\u00f3 de les dades incloses, exonerant a TRANSJSOLES de qualsevol responsabilitat al respecte. Els usuaris garanteixen i responen, en qualsevol cas, de l&#8217;exactitud, vig\u00e8ncia i autenticitat de les dades personals facilitades, i es comprometen a mantenir-les degudament actualitzades. L&#8217;usuari accepta proporcionar informaci\u00f3 completa i correcta en el formulari de registre o subscripci\u00f3. TRANSJSOLES es reserva el dret de finalitzar els serveis contractats que s&#8217;haguessin celebrat amb els usuaris, en cas que les dades que hagi facilitat siguin falses, incompletes inexactes o no estiguin actualitzades.<\/p>\n<p>TRANSJSOLES no respon de la veracitat de les informacions que no siguin d&#8217;elaboraci\u00f3 pr\u00f2pia i de les que s&#8217;indiqui altra font, per la qual cosa tampoc assumeix cap responsabilitat pel que fa a hipot\u00e8tics perjudicis que poguessin originar-se per l&#8217;\u00fas d&#8217;aquesta informaci\u00f3.<\/p>\n<p>TRANSJSOLES es reserva el dret a actualitzar, modi car o eliminar la informaci\u00f3 continguda en les seves p\u00e0gines web podent incl\u00fas limitar o no permetre l&#8217;acc\u00e9s a aquesta informaci\u00f3. S&#8217;exonera a TRANSJSOLES de responsabilitat enfront a qualsevol dany o perjudici que pogu\u00e9s sofrir l&#8217;usuari com a conseq\u00fc\u00e8ncia d&#8217;errors, defectes o omissions, en la informaci\u00f3 facilitada per TRANSJSOLES sempre que procedeixi de fonts alienes a aquesta.<\/p>\n<p>Aix\u00ed mateix, l&#8217;usuari certifica que \u00e9s m\u00e9s gran de 14 anys i que posseeix la capacitat legal necess\u00e0ria per la prestaci\u00f3 del consentiment respecte al tractament de les seves dades de car\u00e0cter personal.<\/p>\n<p>&nbsp;<\/p>\n<h3><strong>Com tractem les dades personals dels menors<a name=\"page5\"><\/a> d&#8217;edat? <\/strong><\/h3>\n<p>En principi els nostres serveis no van dirigits espec\u00edficament a menors d&#8217;edat. No obstant aix\u00f2, en el cas que algun d&#8217;ells es dirigeixi a menors de catorze anys, de conformitat amb l&#8217;article 8 del RGPD i l&#8217;article 7 de la LO 3\/2018, de 5 de desembre (LOPDGDD), TRANSJSOLES exigir\u00e0 el consentiment v\u00e0lid, lliure, inequ\u00edvoc, espec\u00edfic i informat dels tutors legals per tractar les dades personals dels menors. En aquest cas, s&#8217;exigir\u00e0 el DNI o altra forma d&#8217;identificaci\u00f3 de qui presti el consentiment.<\/p>\n<p>En el cas de majors de catorze anys podr\u00e0 procedir-se al tractament de les dades amb el consentiment de l&#8217;usuari, exceptuant aquells casos en els quals la Llei exigeixi l&#8217;assist\u00e8ncia dels titulars de la p\u00e0tria potestat o tutela.<\/p>\n<p>&nbsp;<\/p>\n<h3><strong>Quines mesures de seguretat apliquem per protegir les seves dades personals? <\/strong><\/h3>\n<p>TRANSJSOLES ha adoptat els nivells de seguretat de protecci\u00f3 de les dades personals legalment requerides, i procura instal\u00b7lar aquells altres mitjans i mesures t\u00e8cniques addicionals al seu abast per evitar la p\u00e8rdua, mal \u00fas, alteraci\u00f3, acc\u00e9s no autoritzat i robament de les dades personals facilitades a TRANSJSOLES.<\/p>\n<p>TRANSJSOLES no \u00e9s responsable d\u2019hipot\u00e8tics danys o perjudicis que es poguessin derivar d&#8217;interfer\u00e8ncies, omissions, interrupcions, virus inform\u00e0tics, avaries telef\u00f2niques o desconnexions en el funcionament operatiu d&#8217;aquest sistema electr\u00f2nic, motivades per causes alienes a TRANSJSOLES; de retards o bloquejos en l&#8217;\u00fas del present sistema electr\u00f2nic causats per de ci\u00e8ncies o sobrec\u00e0rregues de l\u00ednies telef\u00f2niques o sobrec\u00e0rregues en el Centre de Processos de Dades, en el sistema d&#8217;Internet o en altres sistemes electr\u00f2nics, aix\u00ed com de danys que puguin ser causats per terceres persones mitjan\u00e7ant intromissions il\u00b7leg\u00edtimes fora del control de TRANSJSOLES. Aix\u00f2 no obstant, l&#8217;usuari ha de ser conscient que les mesures de seguretat a Internet no s\u00f3n inexpugnables.<\/p>\n<p>&nbsp;<\/p>\n<h3><strong>Enlla\u00e7os a altres llocs web<\/strong><\/h3>\n<p>En els llocs web <a href=\"https:\/\/transjsoles.com\">https:\/\/transjsoles.com<\/a> pot haver-hi enlla\u00e7os a altres p\u00e0gines web. Al clicar en un d&#8217;aquests enlla\u00e7os i accedir a un lloc web extern, la visita estar\u00e0 subjecta a la pol\u00edtica de privacitat d&#8217;aquell lloc web, quedant TRANSJSOLES desvinculada de qualsevol classe de responsabilitat sobre la seva pol\u00edtica de privacitat.<\/p>\n<p>&nbsp;<\/p>\n<h3><strong>Com utilitzem les cookies?<\/strong><\/h3>\n<p>El lloc web de TRANSJSOLES utilitza cookies, als efectes d&#8217;optimitzar i personalitzar la seva navegaci\u00f3 pel mateix. Les cookies s\u00f3n fitxers f\u00edsics d&#8217;informaci\u00f3 que s&#8217;allotgen en el terminal de l&#8217;usuari, la informaci\u00f3 recollida mitjan\u00e7ant les cookies serveix per facilitar la navegaci\u00f3 de l&#8217;usuari pel portal i optimitzar l&#8217;experi\u00e8ncia de navegaci\u00f3. Les dades recopilades mitjan\u00e7ant les cookies poden ser compartides amb els creadors d&#8217;aquestes, per\u00f2 en cap cas la informaci\u00f3 obtinguda per les mateixes ser\u00e0 associada a dades personals ni a dades que puguin identificar a l&#8217;usuari.<\/p>\n<p>No obstant aix\u00f2, si l&#8217;usuari no desitja que s&#8217;instal\u00b7lin cookies en el seu disc dur, t\u00e9 la possibilitat de configurar el navegador de tal manera que impedeixi la instal\u00b7laci\u00f3 d&#8217;aquests arxius. Per obtenir m\u00e9s informaci\u00f3 consulti la nostra Pol\u00edtica de Cookies <a href=\"https:\/\/transjsoles.com\/politica-cookies\"> https:\/\/transjsoles.com\/politica-cookies <\/a> .<\/p>\n<p>&nbsp;<\/p>\n<h3><strong>Pot modificar-se la pol\u00edtica de privacitat?<\/strong><\/h3>\n<p>Aquesta pol\u00edtica de privacitat pot modificar-se. Et recomanem que revisis la pol\u00edtica de privacitat amb certa periodicitat.<a name=\"page6\"><\/a><\/p>\n<p><\/p>","protected":false},"excerpt":{"rendered":"<p>Actualitzat el 20\/07\/2022 Versi\u00f3: 1 \u00a0 Informaci\u00f3 b\u00e0sica sobre Protecci\u00f3 de Dades Responsable TRANSPORTS I GRUES J. SOL\u00c9S, S.L.U. (en endavant TRANSJSOLES) Finalitat Prestaci\u00f3 de serveis online Gesti\u00f3 de usuaris web Comunicacions comercials relacionades amb els nostres serveis. Gestionar dades aportades pels candidats a proc\u00e9s de selecci\u00f3 de personal. Legitimaci\u00f3 Consentiment expr\u00e9s, execuci\u00f3 de contracte [&hellip;]<\/p>\n","protected":false},"author":1,"featured_media":0,"parent":0,"menu_order":8,"comment_status":"closed","ping_status":"closed","template":"","meta":{"inline_featured_image":false,"footnotes":""},"class_list":["post-3","page","type-page","status-publish","hentry"],"acf":[],"_links":{"self":[{"href":"https:\/\/transjsoles.com\/ca\/wp-json\/wp\/v2\/pages\/3","targetHints":{"allow":["GET"]}}],"collection":[{"href":"https:\/\/transjsoles.com\/ca\/wp-json\/wp\/v2\/pages"}],"about":[{"href":"https:\/\/transjsoles.com\/ca\/wp-json\/wp\/v2\/types\/page"}],"author":[{"embeddable":true,"href":"https:\/\/transjsoles.com\/ca\/wp-json\/wp\/v2\/users\/1"}],"replies":[{"embeddable":true,"href":"https:\/\/transjsoles.com\/ca\/wp-json\/wp\/v2\/comments?post=3"}],"version-history":[{"count":14,"href":"https:\/\/transjsoles.com\/ca\/wp-json\/wp\/v2\/pages\/3\/revisions"}],"predecessor-version":[{"id":385,"href":"https:\/\/transjsoles.com\/ca\/wp-json\/wp\/v2\/pages\/3\/revisions\/385"}],"wp:attachment":[{"href":"https:\/\/transjsoles.com\/ca\/wp-json\/wp\/v2\/media?parent=3"}],"curies":[{"name":"wp","href":"https:\/\/api.w.org\/{rel}","templated":true}]}}